{"id":1149,"date":"2020-05-20T15:29:23","date_gmt":"2020-05-20T13:29:23","guid":{"rendered":"https:\/\/www.teinogal.com\/dev\/?page_id=1149"},"modified":"2020-07-02T13:30:24","modified_gmt":"2020-07-02T11:30:24","slug":"historia","status":"publish","type":"page","link":"https:\/\/www.teinogal.com\/dev\/historia\/","title":{"rendered":"Historia"},"content":{"rendered":"<p><div class=\"fusion-fullwidth fullwidth-box fusion-builder-row-1 fusion-flex-container hundred-percent-fullwidth non-hundred-percent-height-scrolling\" style=\"--awb-border-radius-top-left:0px;--awb-border-radius-top-right:0px;--awb-border-radius-bottom-right:0px;--awb-border-radius-bottom-left:0px;--awb-padding-top:0px;--awb-padding-right:0px;--awb-padding-bottom:0px;--awb-padding-left:0px;\" ><div class=\"fusion-builder-row fusion-row fusion-flex-align-items-stretch\" style=\"width:calc( 100% + 0px ) !important;max-width:calc( 100% + 0px ) !important;margin-left: calc(-0px \/ 2 );margin-right: calc(-0px \/ 2 );\"><div class=\"fusion-layout-column fusion_builder_column fusion-builder-column-0 fusion_builder_column_1_2 1_2 fusion-flex-column\" style=\"--awb-padding-top:100px;--awb-padding-right:6%;--awb-padding-bottom:100px;--awb-padding-left:6%;--awb-bg-size:cover;--awb-width-large:50%;--awb-margin-top-large:0px;--awb-spacing-right-large:0;--awb-margin-bottom-large:20px;--awb-spacing-left-large:0px;--awb-width-medium:50%;--awb-spacing-right-medium:0;--awb-spacing-left-medium:0px;--awb-width-small:100%;--awb-spacing-right-small:0px;--awb-spacing-left-small:0px;\"><div class=\"fusion-column-wrapper fusion-flex-justify-content-flex-start fusion-content-layout-column\"><div class=\"fusion-text fusion-text-1\"><h2>Comienzos<\/h2>\n<\/div><div class=\"fusion-separator\" style=\"align-self: flex-start;margin-right:auto;margin-bottom:30px;width:100%;max-width:100px;\"><div class=\"fusion-separator-border sep-single sep-solid\" style=\"--awb-height:20px;--awb-amount:20px;--awb-sep-color:#00428d;border-color:#00428d;border-top-width:2px;\"><\/div><\/div><div class=\"fusion-text fusion-text-2\"><p>Nuestra empresa comienza en Arganda del Rey provincia de la comunidad de Madrid con nuestro fundador Alberto Nogal, es una persona motivadora, con ganas de trabajar, entusiasta, visionario, perfeccionista, persistente y sobre todo emprendedor. Estos valores los ha introducido en Teinogal y llevamos trabajando desde que se fund\u00f3 en 1991, aunque antes c\u00f3mo aut\u00f3nomo estuvo trabajando 5 a\u00f1os, lo que podemos decir que la empresa empez\u00f3 en 1986.<\/p>\n<p>El Sr. Nogal, a los 30 a\u00f1os de edad tom\u00f3 esta decisi\u00f3n porque su experiencia que empez\u00f3 en 1972 tras trabajar en empresas del sector vio la oportunidad de formar el futuro de del entallado met\u00e1lico en Espa\u00f1a.<\/p>\n<\/div><div class=\"fusion-separator fusion-full-width-sep\" style=\"align-self: center;margin-left: auto;margin-right: auto;margin-top:7px;width:100%;\"><\/div><\/div><\/div><div class=\"fusion-layout-column fusion_builder_column fusion-builder-column-1 fusion_builder_column_1_2 1_2 fusion-flex-column\" style=\"--awb-bg-color:#4c5166;--awb-bg-color-hover:#4c5166;--awb-bg-position:center center;--awb-bg-size:cover;--awb-width-large:50%;--awb-margin-top-large:0px;--awb-spacing-right-large:0px;--awb-margin-bottom-large:20px;--awb-spacing-left-large:0;--awb-width-medium:50%;--awb-spacing-right-medium:0px;--awb-spacing-left-medium:0;--awb-width-small:100%;--awb-spacing-right-small:0px;--awb-spacing-left-small:0px;\"><div class=\"fusion-column-wrapper lazyload fusion-column-has-shadow fusion-flex-justify-content-flex-start fusion-content-layout-column fusion-empty-column-bg-image\" data-bg-url=\"https:\/\/www.teinogal.com\/dev\/wp-content\/uploads\/2019\/06\/teinogal-contacto.jpg\" data-bg=\"https:\/\/www.teinogal.com\/dev\/wp-content\/uploads\/2019\/06\/teinogal-contacto.jpg\"><img class=\"fusion-empty-dims-img-placeholder fusion-no-large-visibility fusion-no-medium-visibility\" src=\"data:image\/svg+xml,%3Csvg%20xmlns%3D%27http%3A%2F%2Fwww.w3.org%2F2000%2Fsvg%27%20width%3D%27900%27%20height%3D%27600%27%20viewBox%3D%270%200%20900%20600%27%3E%3Crect%20width%3D%27900%27%20height%3D%27600%27%20fill-opacity%3D%220%22%2F%3E%3C%2Fsvg%3E\"><\/div><\/div><\/div><\/div><div class=\"fusion-fullwidth fullwidth-box fusion-builder-row-2 fusion-flex-container hundred-percent-fullwidth non-hundred-percent-height-scrolling\" style=\"--awb-border-radius-top-left:0px;--awb-border-radius-top-right:0px;--awb-border-radius-bottom-right:0px;--awb-border-radius-bottom-left:0px;--awb-padding-top:0px;--awb-padding-right:0px;--awb-padding-bottom:0px;--awb-padding-left:0px;\" ><div class=\"fusion-builder-row fusion-row fusion-flex-align-items-stretch\" style=\"width:calc( 100% + 0px ) !important;max-width:calc( 100% + 0px ) !important;margin-left: calc(-0px \/ 2 );margin-right: calc(-0px \/ 2 );\"><div class=\"fusion-layout-column fusion_builder_column fusion-builder-column-2 fusion_builder_column_1_2 1_2 fusion-flex-column\" style=\"--awb-bg-position:center center;--awb-bg-size:cover;--awb-width-large:50%;--awb-margin-top-large:0px;--awb-spacing-right-large:0;--awb-margin-bottom-large:20px;--awb-spacing-left-large:0px;--awb-width-medium:50%;--awb-spacing-right-medium:0;--awb-spacing-left-medium:0px;--awb-width-small:100%;--awb-spacing-right-small:0px;--awb-spacing-left-small:0px;\"><div class=\"fusion-column-wrapper lazyload fusion-column-has-shadow fusion-flex-justify-content-flex-start fusion-content-layout-column fusion-empty-column-bg-image\" data-bg-url=\"https:\/\/www.teinogal.com\/dev\/wp-content\/uploads\/2019\/06\/20180322_142404.jpg\" data-bg=\"https:\/\/www.teinogal.com\/dev\/wp-content\/uploads\/2019\/06\/20180322_142404.jpg\"><img class=\"fusion-empty-dims-img-placeholder fusion-no-large-visibility fusion-no-medium-visibility\" src=\"data:image\/svg+xml,%3Csvg%20xmlns%3D%27http%3A%2F%2Fwww.w3.org%2F2000%2Fsvg%27%20width%3D%271600%27%20height%3D%27900%27%20viewBox%3D%270%200%201600%20900%27%3E%3Crect%20width%3D%271600%27%20height%3D%27900%27%20fill-opacity%3D%220%22%2F%3E%3C%2Fsvg%3E\"><\/div><\/div><div class=\"fusion-layout-column fusion_builder_column fusion-builder-column-3 fusion_builder_column_1_2 1_2 fusion-flex-column\" style=\"--awb-padding-top:100px;--awb-padding-right:6%;--awb-padding-bottom:100px;--awb-padding-left:6%;--awb-bg-size:cover;--awb-width-large:50%;--awb-margin-top-large:0px;--awb-spacing-right-large:0px;--awb-margin-bottom-large:20px;--awb-spacing-left-large:0;--awb-width-medium:50%;--awb-spacing-right-medium:0px;--awb-spacing-left-medium:0;--awb-width-small:100%;--awb-spacing-right-small:0px;--awb-spacing-left-small:0px;\"><div class=\"fusion-column-wrapper fusion-flex-justify-content-flex-start fusion-content-layout-column\"><div class=\"fusion-text fusion-text-3\"><h2>Esfuerzo Cont\u00ednuo<\/h2>\n<\/div><div class=\"fusion-separator\" style=\"align-self: flex-start;margin-right:auto;margin-bottom:30px;width:100%;max-width:100px;\"><div class=\"fusion-separator-border sep-single sep-solid\" style=\"--awb-height:20px;--awb-amount:20px;--awb-sep-color:#00428d;border-color:#00428d;border-top-width:2px;\"><\/div><\/div><div class=\"fusion-text fusion-text-4\"><p>Cuando empez\u00f3 como aut\u00f3nomo, empez\u00f3 en una nave de 150m\u00b2 y a la 2 semana de empezar contrat\u00f3 a 2 personas, a los 5 a\u00f1os ya eran 8 personas contratadas por lo que tuvo que ir a otras instalaciones de 500 m\u00b2 cerca de donde se encontraba que fue cuando fund\u00f3 Teinogal.<\/p>\n<p>Tras varios a\u00f1os de esfuerzo continuo, trabajando para todos los sectores dentro del entallado met\u00e1lico para firmas importantes consigui\u00f3 entrar en operaciones muy grandes las cuales hicieron pasar a Teinogal de una nave de 500m\u00b2 a 1000m\u00b2 en la misma ubicaci\u00f3n. En el a\u00f1o 2003 Teinogal consigui\u00f3 encontrarse en un concurso de gran \u00edndole el cual hizo que creciese sus instalaciones a los 2000m\u00b2 con gran inversi\u00f3n en maquinaria para el entallado met\u00e1lico, la embutici\u00f3n y el hidro-conformado.<\/p>\n<p>Cada a\u00f1o el Sr. Nogal segu\u00eda haciendo su esfuerzo y segu\u00eda consiguiendo logros junto con su equipo formado por 18 empleados cuya experiencia iba creciendo.<\/p>\n<\/div><\/div><\/div><\/div><\/div><div class=\"fusion-fullwidth fullwidth-box fusion-builder-row-3 fusion-flex-container hundred-percent-fullwidth non-hundred-percent-height-scrolling\" style=\"--awb-border-radius-top-left:0px;--awb-border-radius-top-right:0px;--awb-border-radius-bottom-right:0px;--awb-border-radius-bottom-left:0px;--awb-padding-top:0px;--awb-padding-right:0px;--awb-padding-bottom:0px;--awb-padding-left:0px;\" ><div class=\"fusion-builder-row fusion-row fusion-flex-align-items-stretch\" style=\"width:calc( 100% + 0px ) !important;max-width:calc( 100% + 0px ) !important;margin-left: calc(-0px \/ 2 );margin-right: calc(-0px \/ 2 );\"><div class=\"fusion-layout-column fusion_builder_column fusion-builder-column-4 fusion_builder_column_1_2 1_2 fusion-flex-column\" style=\"--awb-padding-top:100px;--awb-padding-right:6%;--awb-padding-bottom:100px;--awb-padding-left:6%;--awb-bg-size:cover;--awb-width-large:50%;--awb-margin-top-large:0px;--awb-spacing-right-large:0;--awb-margin-bottom-large:20px;--awb-spacing-left-large:0px;--awb-width-medium:50%;--awb-spacing-right-medium:0;--awb-spacing-left-medium:0px;--awb-width-small:100%;--awb-spacing-right-small:0px;--awb-spacing-left-small:0px;\"><div class=\"fusion-column-wrapper fusion-flex-justify-content-flex-start fusion-content-layout-column\"><div class=\"fusion-text fusion-text-5\"><h2>Actualidad<\/h2>\n<\/div><div class=\"fusion-separator\" style=\"align-self: flex-start;margin-right:auto;margin-bottom:30px;width:100%;max-width:100px;\"><div class=\"fusion-separator-border sep-single sep-solid\" style=\"--awb-height:20px;--awb-amount:20px;--awb-sep-color:#00428d;border-color:#00428d;border-top-width:2px;\"><\/div><\/div><div class=\"fusion-text fusion-text-6\"><p>A los 57 a\u00f1os de edad, en 2012, la estrategia de Teinogal cambia tras varias reuniones, di\u00e1logos, reflexiones con el equipo y las nuevas generaciones las cuales dan hoy soporte a Teinogal, hace que la empresa se mude a una nave individual de 2400m\u00b2 que la hace estar mejor estructurada y segmentada para desarrollar sus funciones de entallado met\u00e1lico, embutici\u00f3n e hidro-conformado con alto control durante el proceso e incrementar su producci\u00f3n.<\/p>\n<p>En el 2015 tras la demanda de los clientes por el acabado superficial de metalizado por alto vac\u00edo y reunirse con las nuevas generaciones de la empresa, se decide realizar la inversi\u00f3n para dar la soluci\u00f3n a los clientes y se habilitan 500m\u00b2 para desarrollar estos trabajos de metalizado por alto vac\u00edo en otra localizaci\u00f3n a 200m de distancia con atm\u00f3sfera controlada donde tambi\u00e9n hay acabados de pintura para dar total soluci\u00f3n al cliente.<\/p>\n<p>Actualmente Teinogal cuenta con 2900m\u00b2 de superficie para desempe\u00f1ar sus funciones, un equipo de 28 empleados cualificados y una gran ilusi\u00f3n por el buen trabajo, los clientes y proveedores.<\/p>\n<\/div><div class=\"fusion-separator fusion-full-width-sep\" style=\"align-self: center;margin-left: auto;margin-right: auto;margin-top:7px;width:100%;\"><\/div><\/div><\/div><div class=\"fusion-layout-column fusion_builder_column fusion-builder-column-5 fusion_builder_column_1_2 1_2 fusion-flex-column\" style=\"--awb-bg-color:#4c5166;--awb-bg-color-hover:#4c5166;--awb-bg-position:center center;--awb-bg-size:cover;--awb-width-large:50%;--awb-margin-top-large:0px;--awb-spacing-right-large:0px;--awb-margin-bottom-large:20px;--awb-spacing-left-large:0;--awb-width-medium:50%;--awb-spacing-right-medium:0px;--awb-spacing-left-medium:0;--awb-width-small:100%;--awb-spacing-right-small:0px;--awb-spacing-left-small:0px;\"><div class=\"fusion-column-wrapper lazyload fusion-column-has-shadow fusion-flex-justify-content-flex-start fusion-content-layout-column fusion-empty-column-bg-image\" data-bg-url=\"https:\/\/www.teinogal.com\/dev\/wp-content\/uploads\/2019\/06\/DSC_0158.jpg\" data-bg=\"https:\/\/www.teinogal.com\/dev\/wp-content\/uploads\/2019\/06\/DSC_0158.jpg\"><img class=\"fusion-empty-dims-img-placeholder fusion-no-large-visibility fusion-no-medium-visibility\" src=\"data:image\/svg+xml,%3Csvg%20xmlns%3D%27http%3A%2F%2Fwww.w3.org%2F2000%2Fsvg%27%20width%3D%271444%27%20height%3D%27960%27%20viewBox%3D%270%200%201444%20960%27%3E%3Crect%20width%3D%271444%27%20height%3D%27960%27%20fill-opacity%3D%220%22%2F%3E%3C%2Fsvg%3E\"><\/div><\/div><\/div><\/div><div class=\"fusion-fullwidth fullwidth-box fusion-builder-row-4 fusion-flex-container hundred-percent-fullwidth non-hundred-percent-height-scrolling\" style=\"--awb-border-radius-top-left:0px;--awb-border-radius-top-right:0px;--awb-border-radius-bottom-right:0px;--awb-border-radius-bottom-left:0px;--awb-padding-top:0px;--awb-padding-right:0px;--awb-padding-bottom:0px;--awb-padding-left:0px;\" ><div class=\"fusion-builder-row fusion-row fusion-flex-align-items-flex-start\" style=\"width:calc( 100% + 0px ) !important;max-width:calc( 100% + 0px ) !important;margin-left: calc(-0px \/ 2 );margin-right: calc(-0px \/ 2 );\"><div class=\"fusion-layout-column fusion_builder_column fusion-builder-column-6 fusion_builder_column_1_2 1_2 fusion-flex-column\" style=\"--awb-padding-top:100px;--awb-padding-right:20%;--awb-padding-bottom:100px;--awb-padding-left:20%;--awb-bg-color:#f5f5f5;--awb-bg-color-hover:#f5f5f5;--awb-bg-size:cover;--awb-width-large:50%;--awb-margin-top-large:0px;--awb-spacing-right-large:0;--awb-margin-bottom-large:20px;--awb-spacing-left-large:0px;--awb-width-medium:50%;--awb-spacing-right-medium:0;--awb-spacing-left-medium:0px;--awb-width-small:100%;--awb-spacing-right-small:0px;--awb-spacing-left-small:0px;\"><div class=\"fusion-column-wrapper fusion-flex-justify-content-flex-start fusion-content-layout-column\"><div class=\"fusion-text fusion-text-7\"><h2 class=\"centrado margen20b\">Trabajos<\/h2>\n<\/div><div class=\"fusion-text fusion-text-8\"><p style=\"text-align: center;\">Descubre nuestro portfolio de trabajos.<\/p>\n<\/div><div class=\"fusion-text fusion-text-9\"><p class=\"centrado\"><a class=\"enlaceAd\" href=\"\/trabajos\">VER LOS TRABAJOS<\/a><\/p>\n<\/div><\/div><\/div><div class=\"fusion-layout-column fusion_builder_column fusion-builder-column-7 fusion_builder_column_1_2 1_2 fusion-flex-column\" style=\"--awb-padding-top:100px;--awb-padding-right:20%;--awb-padding-bottom:100px;--awb-padding-left:20%;--awb-bg-color:#ededed;--awb-bg-color-hover:#ededed;--awb-bg-size:cover;--awb-width-large:50%;--awb-margin-top-large:0px;--awb-spacing-right-large:0px;--awb-margin-bottom-large:20px;--awb-spacing-left-large:0;--awb-width-medium:50%;--awb-spacing-right-medium:0px;--awb-spacing-left-medium:0;--awb-width-small:100%;--awb-spacing-right-small:0px;--awb-spacing-left-small:0px;\"><div class=\"fusion-column-wrapper fusion-flex-justify-content-flex-start fusion-content-layout-column\"><div class=\"fusion-text fusion-text-10\"><h2 class=\"centrado margen20b\">Maquinaria<\/h2>\n<\/div><div class=\"fusion-text fusion-text-11\"><p class=\"centrado\">Contamos con la mejor maquinar\u00eda.<\/p>\n<\/div><div class=\"fusion-text fusion-text-12\"><p class=\"centrado\"><a class=\"enlaceAd\" href=\"\/maquinaria\">MAQUINARIA<\/a><\/p>\n<\/div><\/div><\/div><\/div><\/div>\n<\/p>\n","protected":false},"excerpt":{"rendered":"","protected":false},"author":2,"featured_media":0,"parent":0,"menu_order":0,"comment_status":"closed","ping_status":"closed","template":"100-width.php","meta":{"_themeisle_gutenberg_block_has_review":false},"yoast_head":"<!-- This site is optimized with the Yoast SEO plugin v20.5 - https:\/\/yoast.com\/wordpress\/plugins\/seo\/ -->\n<title>Historia - ENTALLADOS MET\u00c1LICOS Teinogal<\/title>\n<meta name=\"robots\" content=\"index, follow, max-snippet:-1, max-image-preview:large, max-video-preview:-1\" \/>\n<link rel=\"canonical\" href=\"https:\/\/www.teinogal.com\/dev\/historia\/\" \/>\n<meta property=\"og:locale\" content=\"es_ES\" \/>\n<meta property=\"og:type\" content=\"article\" \/>\n<meta property=\"og:title\" content=\"Historia - ENTALLADOS MET\u00c1LICOS Teinogal\" \/>\n<meta property=\"og:url\" content=\"https:\/\/www.teinogal.com\/dev\/historia\/\" \/>\n<meta property=\"og:site_name\" content=\"ENTALLADOS MET\u00c1LICOS Teinogal\" \/>\n<meta property=\"article:publisher\" content=\"https:\/\/www.facebook.com\/teinogal\/\" \/>\n<meta property=\"article:modified_time\" content=\"2020-07-02T11:30:24+00:00\" \/>\n<meta name=\"twitter:card\" content=\"summary_large_image\" \/>\n<meta name=\"twitter:site\" content=\"@TEINOGAL\" \/>\n<meta name=\"twitter:label1\" content=\"Tiempo de lectura\" \/>\n\t<meta name=\"twitter:data1\" content=\"9 minutos\" \/>\n<script type=\"application\/ld+json\" class=\"yoast-schema-graph\">{\"@context\":\"https:\/\/schema.org\",\"@graph\":[{\"@type\":\"WebPage\",\"@id\":\"https:\/\/www.teinogal.com\/dev\/historia\/\",\"url\":\"https:\/\/www.teinogal.com\/dev\/historia\/\",\"name\":\"Historia - ENTALLADOS MET\u00c1LICOS Teinogal\",\"isPartOf\":{\"@id\":\"https:\/\/www.teinogal.com\/dev\/#website\"},\"datePublished\":\"2020-05-20T13:29:23+00:00\",\"dateModified\":\"2020-07-02T11:30:24+00:00\",\"breadcrumb\":{\"@id\":\"https:\/\/www.teinogal.com\/dev\/historia\/#breadcrumb\"},\"inLanguage\":\"es\",\"potentialAction\":[{\"@type\":\"ReadAction\",\"target\":[\"https:\/\/www.teinogal.com\/dev\/historia\/\"]}]},{\"@type\":\"BreadcrumbList\",\"@id\":\"https:\/\/www.teinogal.com\/dev\/historia\/#breadcrumb\",\"itemListElement\":[{\"@type\":\"ListItem\",\"position\":1,\"name\":\"Portada\",\"item\":\"https:\/\/www.teinogal.com\/dev\/\"},{\"@type\":\"ListItem\",\"position\":2,\"name\":\"Historia\"}]},{\"@type\":\"WebSite\",\"@id\":\"https:\/\/www.teinogal.com\/dev\/#website\",\"url\":\"https:\/\/www.teinogal.com\/dev\/\",\"name\":\"ENTALLADOS MET\u00c1LICOS Teinogal\",\"description\":\"Trabajos de repulsado, entallado met\u00e1lico y embutici\u00f3n\",\"publisher\":{\"@id\":\"https:\/\/www.teinogal.com\/dev\/#organization\"},\"potentialAction\":[{\"@type\":\"SearchAction\",\"target\":{\"@type\":\"EntryPoint\",\"urlTemplate\":\"https:\/\/www.teinogal.com\/dev\/?s={search_term_string}\"},\"query-input\":\"required name=search_term_string\"}],\"inLanguage\":\"es\"},{\"@type\":\"Organization\",\"@id\":\"https:\/\/www.teinogal.com\/dev\/#organization\",\"name\":\"Teinogal S.L.\",\"url\":\"https:\/\/www.teinogal.com\/dev\/\",\"logo\":{\"@type\":\"ImageObject\",\"inLanguage\":\"es\",\"@id\":\"https:\/\/www.teinogal.com\/dev\/#\/schema\/logo\/image\/\",\"url\":\"https:\/\/www.teinogal.com\/dev\/wp-content\/uploads\/2019\/06\/logomovil.jpg\",\"contentUrl\":\"https:\/\/www.teinogal.com\/dev\/wp-content\/uploads\/2019\/06\/logomovil.jpg\",\"width\":202,\"height\":47,\"caption\":\"Teinogal S.L.\"},\"image\":{\"@id\":\"https:\/\/www.teinogal.com\/dev\/#\/schema\/logo\/image\/\"},\"sameAs\":[\"https:\/\/www.facebook.com\/teinogal\/\",\"https:\/\/twitter.com\/TEINOGAL\",\"https:\/\/www.instagram.com\/teinogal\/\"]}]}<\/script>\n<!-- \/ Yoast SEO plugin. -->","yoast_head_json":{"title":"Historia - ENTALLADOS MET\u00c1LICOS Teinogal","robots":{"index":"index","follow":"follow","max-snippet":"max-snippet:-1","max-image-preview":"max-image-preview:large","max-video-preview":"max-video-preview:-1"},"canonical":"https:\/\/www.teinogal.com\/dev\/historia\/","og_locale":"es_ES","og_type":"article","og_title":"Historia - ENTALLADOS MET\u00c1LICOS Teinogal","og_url":"https:\/\/www.teinogal.com\/dev\/historia\/","og_site_name":"ENTALLADOS MET\u00c1LICOS Teinogal","article_publisher":"https:\/\/www.facebook.com\/teinogal\/","article_modified_time":"2020-07-02T11:30:24+00:00","twitter_card":"summary_large_image","twitter_site":"@TEINOGAL","twitter_misc":{"Tiempo de lectura":"9 minutos"},"schema":{"@context":"https:\/\/schema.org","@graph":[{"@type":"WebPage","@id":"https:\/\/www.teinogal.com\/dev\/historia\/","url":"https:\/\/www.teinogal.com\/dev\/historia\/","name":"Historia - ENTALLADOS MET\u00c1LICOS Teinogal","isPartOf":{"@id":"https:\/\/www.teinogal.com\/dev\/#website"},"datePublished":"2020-05-20T13:29:23+00:00","dateModified":"2020-07-02T11:30:24+00:00","breadcrumb":{"@id":"https:\/\/www.teinogal.com\/dev\/historia\/#breadcrumb"},"inLanguage":"es","potentialAction":[{"@type":"ReadAction","target":["https:\/\/www.teinogal.com\/dev\/historia\/"]}]},{"@type":"BreadcrumbList","@id":"https:\/\/www.teinogal.com\/dev\/historia\/#breadcrumb","itemListElement":[{"@type":"ListItem","position":1,"name":"Portada","item":"https:\/\/www.teinogal.com\/dev\/"},{"@type":"ListItem","position":2,"name":"Historia"}]},{"@type":"WebSite","@id":"https:\/\/www.teinogal.com\/dev\/#website","url":"https:\/\/www.teinogal.com\/dev\/","name":"ENTALLADOS MET\u00c1LICOS Teinogal","description":"Trabajos de repulsado, entallado met\u00e1lico y embutici\u00f3n","publisher":{"@id":"https:\/\/www.teinogal.com\/dev\/#organization"},"potentialAction":[{"@type":"SearchAction","target":{"@type":"EntryPoint","urlTemplate":"https:\/\/www.teinogal.com\/dev\/?s={search_term_string}"},"query-input":"required name=search_term_string"}],"inLanguage":"es"},{"@type":"Organization","@id":"https:\/\/www.teinogal.com\/dev\/#organization","name":"Teinogal S.L.","url":"https:\/\/www.teinogal.com\/dev\/","logo":{"@type":"ImageObject","inLanguage":"es","@id":"https:\/\/www.teinogal.com\/dev\/#\/schema\/logo\/image\/","url":"https:\/\/www.teinogal.com\/dev\/wp-content\/uploads\/2019\/06\/logomovil.jpg","contentUrl":"https:\/\/www.teinogal.com\/dev\/wp-content\/uploads\/2019\/06\/logomovil.jpg","width":202,"height":47,"caption":"Teinogal S.L."},"image":{"@id":"https:\/\/www.teinogal.com\/dev\/#\/schema\/logo\/image\/"},"sameAs":["https:\/\/www.facebook.com\/teinogal\/","https:\/\/twitter.com\/TEINOGAL","https:\/\/www.instagram.com\/teinogal\/"]}]}},"_links":{"self":[{"href":"https:\/\/www.teinogal.com\/dev\/wp-json\/wp\/v2\/pages\/1149"}],"collection":[{"href":"https:\/\/www.teinogal.com\/dev\/wp-json\/wp\/v2\/pages"}],"about":[{"href":"https:\/\/www.teinogal.com\/dev\/wp-json\/wp\/v2\/types\/page"}],"author":[{"embeddable":true,"href":"https:\/\/www.teinogal.com\/dev\/wp-json\/wp\/v2\/users\/2"}],"replies":[{"embeddable":true,"href":"https:\/\/www.teinogal.com\/dev\/wp-json\/wp\/v2\/comments?post=1149"}],"version-history":[{"count":2,"href":"https:\/\/www.teinogal.com\/dev\/wp-json\/wp\/v2\/pages\/1149\/revisions"}],"predecessor-version":[{"id":1152,"href":"https:\/\/www.teinogal.com\/dev\/wp-json\/wp\/v2\/pages\/1149\/revisions\/1152"}],"wp:attachment":[{"href":"https:\/\/www.teinogal.com\/dev\/wp-json\/wp\/v2\/media?parent=1149"}],"curies":[{"name":"wp","href":"https:\/\/api.w.org\/{rel}","templated":true}]}}