{"id":1180,"date":"2020-05-21T11:30:18","date_gmt":"2020-05-21T09:30:18","guid":{"rendered":"http:\/\/localhost:8888\/teinogal\/?page_id=1180"},"modified":"2020-07-02T13:35:24","modified_gmt":"2020-07-02T11:35:24","slug":"contact-fr","status":"publish","type":"page","link":"https:\/\/www.teinogal.com\/dev\/fr\/contact-fr\/","title":{"rendered":"Contact"},"content":{"rendered":"<p><div class=\"fusion-fullwidth fullwidth-box fusion-builder-row-1 fusion-flex-container hundred-percent-fullwidth non-hundred-percent-height-scrolling\" style=\"--awb-border-radius-top-left:0px;--awb-border-radius-top-right:0px;--awb-border-radius-bottom-right:0px;--awb-border-radius-bottom-left:0px;--awb-padding-top:100px;--awb-padding-right:0px;--awb-padding-bottom:100px;--awb-padding-left:0px;--awb-background-color:#f8f8f8;\" ><div class=\"fusion-builder-row fusion-row fusion-flex-align-items-flex-start\" style=\"width:104% !important;max-width:104% !important;margin-left: calc(-4% \/ 2 );margin-right: calc(-4% \/ 2 );\"><div class=\"fusion-layout-column fusion_builder_column fusion-builder-column-0 fusion_builder_column_1_2 1_2 fusion-flex-column\" style=\"--awb-padding-top:0px;--awb-padding-right:6%;--awb-padding-bottom:0px;--awb-padding-left:6%;--awb-bg-size:cover;--awb-width-large:50%;--awb-margin-top-large:0px;--awb-spacing-right-large:3.84%;--awb-margin-bottom-large:20px;--awb-spacing-left-large:3.84%;--awb-width-medium:50%;--awb-spacing-right-medium:3.84%;--awb-spacing-left-medium:3.84%;--awb-width-small:100%;--awb-spacing-right-small:1.92%;--awb-spacing-left-small:1.92%;\"><div class=\"fusion-column-wrapper fusion-flex-justify-content-flex-start fusion-content-layout-column\"><div class=\"fusion-text fusion-text-1\"><h2>Contactez-nous<\/h2>\n<\/div><div class=\"fusion-separator fusion-full-width-sep\" style=\"align-self: center;margin-left: auto;margin-right: auto;margin-top:10px;width:100%;\"><\/div><div class=\"fusion-text fusion-text-2\"><p>Vous pouvez nous contacter via le formulaire que vous trouverez sur cette page.<br \/>\nSi vous pr\u00e9f\u00e9rez, vous pouvez nous appeler au (+34) 918 71 63 50 ou envoyer un courriel \u00e0 teinogal@teinogal.com<\/p>\n<\/div><div class=\"fusion-separator fusion-full-width-sep\" style=\"align-self: center;margin-left: auto;margin-right: auto;margin-top:10px;width:100%;\"><\/div><div class=\"fusion-builder-row fusion-builder-row-inner fusion-row fusion-flex-align-items-flex-start\" style=\"width:104% !important;max-width:104% !important;margin-left: calc(-4% \/ 2 );margin-right: calc(-4% \/ 2 );\"><div class=\"fusion-layout-column fusion_builder_column_inner fusion-builder-nested-column-0 fusion_builder_column_inner_1_2 1_2 fusion-flex-column\" style=\"--awb-bg-size:cover;--awb-width-large:50%;--awb-margin-top-large:0px;--awb-spacing-right-large:3.84%;--awb-margin-bottom-large:20px;--awb-spacing-left-large:3.84%;--awb-width-medium:50%;--awb-spacing-right-medium:3.84%;--awb-spacing-left-medium:3.84%;--awb-width-small:100%;--awb-spacing-right-small:1.92%;--awb-spacing-left-small:1.92%;\"><div class=\"fusion-column-wrapper fusion-flex-justify-content-flex-start fusion-content-layout-column\"><div class=\"fusion-image-element \" style=\"--awb-liftup-border-radius:0px;--awb-caption-title-font-family:var(--h2_typography-font-family);--awb-caption-title-font-weight:var(--h2_typography-font-weight);--awb-caption-title-font-style:var(--h2_typography-font-style);--awb-caption-title-size:var(--h2_typography-font-size);--awb-caption-title-transform:var(--h2_typography-text-transform);--awb-caption-title-line-height:var(--h2_typography-line-height);--awb-caption-title-letter-spacing:var(--h2_typography-letter-spacing);\"><div class=\"awb-image-frame awb-image-frame-1 imageframe-liftup\"><span class=\" fusion-imageframe imageframe-none imageframe-1\" class=\"image-scroll\"><a href=\"https:\/\/www.teinogal.com\/dev\/wp-content\/uploads\/2019\/06\/teinogal-contacto.jpg\" class=\"fusion-lightbox\" data-rel=\"iLightbox[b9c9873aba59932563b]\" data-title=\"Repulsado, entallado met\u00e1lico, metal spinning, repousagge\" title=\"Repulsado, entallado met\u00e1lico, metal spinning, repousagge\"><img decoding=\"async\" width=\"900\" height=\"600\" alt=\"Repulsado, entallado met\u00e1lico, metal spinning, repousagge\" src=\"https:\/\/www.teinogal.com\/dev\/wp-content\/uploads\/2019\/06\/teinogal-contacto.jpg\" data-orig-src=\"https:\/\/www.teinogal.com\/dev\/wp-content\/uploads\/2019\/06\/teinogal-contacto.jpg\" class=\"lazyload img-responsive wp-image-726\" srcset=\"data:image\/svg+xml,%3Csvg%20xmlns%3D%27http%3A%2F%2Fwww.w3.org%2F2000%2Fsvg%27%20width%3D%27900%27%20height%3D%27600%27%20viewBox%3D%270%200%20900%20600%27%3E%3Crect%20width%3D%27900%27%20height%3D%27600%27%20fill-opacity%3D%220%22%2F%3E%3C%2Fsvg%3E\" data-srcset=\"https:\/\/www.teinogal.com\/dev\/wp-content\/uploads\/2019\/06\/teinogal-contacto-200x133.jpg 200w, https:\/\/www.teinogal.com\/dev\/wp-content\/uploads\/2019\/06\/teinogal-contacto-400x267.jpg 400w, https:\/\/www.teinogal.com\/dev\/wp-content\/uploads\/2019\/06\/teinogal-contacto-600x400.jpg 600w, https:\/\/www.teinogal.com\/dev\/wp-content\/uploads\/2019\/06\/teinogal-contacto-800x533.jpg 800w, https:\/\/www.teinogal.com\/dev\/wp-content\/uploads\/2019\/06\/teinogal-contacto.jpg 900w\" data-sizes=\"auto\" data-orig-sizes=\"(max-width: 700px) 100vw, 600px\" \/><\/a><\/span><\/div><\/div><\/div><\/div><div class=\"fusion-layout-column fusion_builder_column_inner fusion-builder-nested-column-1 fusion_builder_column_inner_1_2 1_2 fusion-flex-column\" style=\"--awb-bg-size:cover;--awb-width-large:50%;--awb-margin-top-large:0px;--awb-spacing-right-large:3.84%;--awb-margin-bottom-large:20px;--awb-spacing-left-large:3.84%;--awb-width-medium:50%;--awb-spacing-right-medium:3.84%;--awb-spacing-left-medium:3.84%;--awb-width-small:100%;--awb-spacing-right-small:1.92%;--awb-spacing-left-small:1.92%;\"><div class=\"fusion-column-wrapper fusion-flex-justify-content-flex-start fusion-content-layout-column\"><div class=\"fusion-text fusion-text-3\"><p>Notre \u00e9quipe de service \u00e0 la client\u00e8le se fera un plaisir de vous aider et r\u00e9pondre \u00e0 toutes vos questions et requ\u00eates.<\/p>\n<\/div><div class=\"fusion-separator fusion-full-width-sep\" style=\"align-self: center;margin-left: auto;margin-right: auto;margin-top:7px;width:100%;\"><\/div><ul style=\"--awb-size:18px;--awb-line-height:30.6px;--awb-icon-width:30.6px;--awb-icon-height:30.6px;--awb-icon-margin:12.6px;--awb-content-margin:43.2px;--awb-circlecolor:var(--awb-color4);--awb-circle-yes-font-size:15.84px;\" class=\"fusion-checklist fusion-checklist-1 fusion-checklist-default type-icons\"><li class=\"fusion-li-item\" style=\"\"><span class=\"icon-wrapper circle-yes\"><i class=\"fusion-li-icon fa-home fas\" aria-hidden=\"true\"><\/i><\/span><div class=\"fusion-li-item-content\">Camino del Puente Viejo, n\u00ba 7<br \/>\n28500 Arganda del Rey, Madrid<\/div><\/li><li class=\"fusion-li-item\" style=\"\"><span class=\"icon-wrapper circle-yes\"><i class=\"fusion-li-icon fa-phone fas\" aria-hidden=\"true\"><\/i><\/span><div class=\"fusion-li-item-content\"><a href=\"tel:+34918716350\">(+34) 918 71 63 50<\/a><\/div><\/li><li class=\"fusion-li-item\" style=\"\"><span class=\"icon-wrapper circle-yes\"><i class=\"fusion-li-icon fa-envelope far\" aria-hidden=\"true\"><\/i><\/span><div class=\"fusion-li-item-content\"><a href=\"mailto:teinogal@teinogal.com\">teinogal@teinogal.com<\/a><\/div><\/li><li class=\"fusion-li-item\" style=\"\"><span class=\"icon-wrapper circle-yes\"><i class=\"fusion-li-icon fa-street-view fas\" aria-hidden=\"true\"><\/i><\/span><div class=\"fusion-li-item-content\"><a href=\"http:\/\/bit.ly\/2F7tTcZ\" target=\"_blank\" rel=\"noopener noreferrer\">Obtenez Lieu<\/a><\/div><\/li><\/ul><\/div><\/div><\/div><\/div><\/div><div class=\"fusion-layout-column fusion_builder_column fusion-builder-column-1 fusion_builder_column_1_2 1_2 fusion-flex-column\" style=\"--awb-padding-right:6%;--awb-padding-left:6%;--awb-bg-size:cover;--awb-width-large:50%;--awb-margin-top-large:0px;--awb-spacing-right-large:3.84%;--awb-margin-bottom-large:20px;--awb-spacing-left-large:3.84%;--awb-width-medium:50%;--awb-spacing-right-medium:3.84%;--awb-spacing-left-medium:3.84%;--awb-width-small:100%;--awb-spacing-right-small:1.92%;--awb-spacing-left-small:1.92%;\"><div class=\"fusion-column-wrapper fusion-flex-justify-content-flex-start fusion-content-layout-column\"><div class=\"fusion-text fusion-text-4\"><h2>Pouvons-nous aider?<\/h2>\n<\/div><div class=\"fusion-text fusion-text-5\"><p>Contactez-nous et nous vous r\u00e9pondrons que possible avant.<\/p>\n<\/div><div class=\"fusion-separator fusion-full-width-sep\" style=\"align-self: center;margin-left: auto;margin-right: auto;margin-top:30px;width:100%;\"><\/div>\n<div class=\"wpcf7 no-js\" id=\"wpcf7-f1183-o1\" lang=\"es-ES\" dir=\"ltr\">\n<div class=\"screen-reader-response\"><p role=\"status\" aria-live=\"polite\" aria-atomic=\"true\"><\/p> <ul><\/ul><\/div>\n<form action=\"\/dev\/wp-json\/wp\/v2\/pages\/1180#wpcf7-f1183-o1\" method=\"post\" class=\"wpcf7-form init\" aria-label=\"Formulario de contacto\" novalidate=\"novalidate\" data-status=\"init\">\n<div style=\"display: none;\">\n<input type=\"hidden\" name=\"_wpcf7\" value=\"1183\" \/>\n<input type=\"hidden\" name=\"_wpcf7_version\" value=\"5.7.6\" \/>\n<input type=\"hidden\" name=\"_wpcf7_locale\" value=\"es_ES\" \/>\n<input type=\"hidden\" name=\"_wpcf7_unit_tag\" value=\"wpcf7-f1183-o1\" \/>\n<input type=\"hidden\" name=\"_wpcf7_container_post\" value=\"0\" \/>\n<input type=\"hidden\" name=\"_wpcf7_posted_data_hash\" value=\"\" \/>\n<input type=\"hidden\" name=\"_cf7a__timestamp\" value=\"1Ts+HJMVWJjvmfLCP+GeiQ==\" \/>\n<input type=\"hidden\" name=\"_cf7a_version\" value=\"1.0\" \/>\n<input type=\"hidden\" name=\"_cf7a_address\" value=\"Ov6csnif8818mJQVrLH2Pg==\" \/>\n<input type=\"hidden\" name=\"_cf7a_referer\" value=\"F9y1x\/TVkh72ksZiBDmbTw==\" \/>\n<input type=\"hidden\" name=\"_cf7a_protocol\" value=\"gYT+nFMzQ186emD8zIGOiQ==\" \/>\n<input type=\"hidden\" name=\"_wpcf7_recaptcha_response\" value=\"\" \/>\n<input type=\"hidden\" name=\"_cf7a_bot_fingerprint\" value=\"1Ts+HJMVWJjvmfLCP+GeiQ==\" \/>\n<input type=\"hidden\" name=\"_cf7a_bot_fingerprint_extras\" value=\"\" \/>\n<input type=\"hidden\" name=\"_cf7a_append_on_submit\" value=\"\" \/>\n<\/div>\n<p><label> Nom (demand\u00e9)<br \/>\n<span class=\"wpcf7-form-control-wrap\" data-name=\"your-name\"><input type=\"text\" name=\"name\" value=\"\" autocomplete=\"fill\" class=\"fit-the-fullspace\" tabindex=\"-1\" \/><input size=\"40\" class=\"wpcf7-form-control wpcf7-text wpcf7-validates-as-required\" aria-required=\"true\" aria-invalid=\"false\" value=\"\" type=\"text\" name=\"your-name\" \/><\/span> <\/label>\n<\/p>\n<p><label> Courrier \u00e9lectronique (demand\u00e9)<br \/>\n<span class=\"wpcf7-form-control-wrap\" data-name=\"your-email\"><input size=\"40\" class=\"wpcf7-form-control wpcf7-text wpcf7-email wpcf7-validates-as-required wpcf7-validates-as-email\" aria-required=\"true\" aria-invalid=\"false\" value=\"\" type=\"email\" name=\"your-email\" \/><\/span> <\/label>\n<\/p>\n<p><label> Affaires<br \/>\n<span class=\"wpcf7-form-control-wrap\" data-name=\"your-subject\"><input type=\"text\" name=\"address\" value=\"\" autocomplete=\"fill\" class=\"fit-the-fullspace\" tabindex=\"-1\" \/><input size=\"40\" class=\"wpcf7-form-control wpcf7-text\" aria-invalid=\"false\" value=\"\" type=\"text\" name=\"your-subject\" \/><\/span> <\/label>\n<\/p>\n<p><label> Message<br \/>\n<span class=\"wpcf7-form-control-wrap\" data-name=\"your-message\"><textarea cols=\"40\" rows=\"10\" class=\"wpcf7-form-control wpcf7-textarea\" aria-invalid=\"false\" name=\"your-message\"><\/textarea><\/span> <\/label>\n<\/p>\n<p class=\"primeraCapa\">Conform\u00e9ment au r\u00e8glement g\u00e9n\u00e9ral de protection des donn\u00e9es (RGPD) nous vous informons que le contr\u00f4leur de donn\u00e9es des informations personnelles que vous fournissez \u00e0 travers nos pages web, t\u00e9l\u00e9phone, ou e-mail est: TEINOGAL SL. immatricul\u00e9e au Registre du Commerce de Madrid Volume 4883 g\u00e9n\u00e9ral, des soci\u00e9t\u00e9s constitu\u00e9es, Folio 64, num\u00e9ro de feuille: enregistrement M-17806, 1\u00aa Madrid, 22 mars 1991 CIF B79767455. Le seul but du traitement des donn\u00e9es est de g\u00e9rer les requ\u00eates, ainsi que l'envoi de communications techniques et commerciales des rapports sur les services fournis par TEINOGAL, S.L. Vous pouvez exercer les droits d'acc\u00e8s, obtenir une copie de vos donn\u00e9es personnelles, rectification, suppression, traitement limitant, la portabilit\u00e9 et d'opposition au traitement des donn\u00e9es personnelles et \/ ou retrait du consentement au traitement de celui-ci, teinogal@teinogal.com diriger votre demande accompagn\u00e9e d'une photocopie de votre carte d'identit\u00e9.\n<\/p>\n<p><label><span class=\"wpcf7-form-control-wrap\" data-name=\"acceptance-493\"><span class=\"wpcf7-form-control wpcf7-acceptance\"><span class=\"wpcf7-list-item\"><input type=\"checkbox\" name=\"acceptance-493\" value=\"1\" aria-invalid=\"false\" \/><\/span><\/span><\/span> <a class=\"politicaContacto\" href=\"\/politique-de-confidentialit\u00e9\" target=\"_blank\">J'ai lu et accepte la politique de confidentialit\u00e9.<\/a><\/label>\n<\/p>\n<p><input class=\"wpcf7-form-control has-spinner wpcf7-submit\" type=\"submit\" value=\"Envoyer\" \/>\n<\/p><div class=\"fusion-alert alert custom alert-custom fusion-alert-center wpcf7-response-output alert-dismissable\" style=\"--awb-border-size:1px;\" role=\"alert\"><div class=\"fusion-alert-content-wrapper\"><span class=\"fusion-alert-content\"><\/span><\/div><button type=\"button\" class=\"close toggle-alert\" data-dismiss=\"alert\" aria-label=\"Close\">&times;<\/button><\/div>\n<\/form>\n<\/div>\n<\/div><\/div><\/div><\/div><div class=\"fusion-fullwidth fullwidth-box fusion-builder-row-2 fusion-flex-container hundred-percent-fullwidth non-hundred-percent-height-scrolling\" style=\"--awb-border-radius-top-left:0px;--awb-border-radius-top-right:0px;--awb-border-radius-bottom-right:0px;--awb-border-radius-bottom-left:0px;--awb-padding-top:0px;--awb-padding-right:0px;--awb-padding-bottom:0px;--awb-padding-left:0px;--awb-margin-top:0px;--awb-margin-bottom:0px;\" ><div class=\"fusion-builder-row fusion-row fusion-flex-align-items-flex-start\" style=\"width:calc( 100% + 0px ) !important;max-width:calc( 100% + 0px ) !important;margin-left: calc(-0px \/ 2 );margin-right: calc(-0px \/ 2 );\"><div class=\"fusion-layout-column fusion_builder_column fusion-builder-column-2 fusion_builder_column_1_1 1_1 fusion-flex-column\" style=\"--awb-padding-top:0px;--awb-padding-right:0px;--awb-padding-bottom:0px;--awb-padding-left:0px;--awb-bg-size:cover;--awb-width-large:100%;--awb-margin-top-large:0px;--awb-spacing-right-large:0px;--awb-margin-bottom-large:0px;--awb-spacing-left-large:0px;--awb-width-medium:100%;--awb-spacing-right-medium:0px;--awb-spacing-left-medium:0px;--awb-width-small:100%;--awb-spacing-right-small:0px;--awb-spacing-left-small:0px;\"><div class=\"fusion-column-wrapper fusion-column-has-shadow fusion-flex-justify-content-flex-start fusion-content-layout-column\"><div class=\"fusion-text fusion-text-6\" id=\"mapa\"><p><iframe class=\"lazyload\" style=\"border: 0;\" src=\"data:image\/svg+xml,%3Csvg%20xmlns%3D%27http%3A%2F%2Fwww.w3.org%2F2000%2Fsvg%27%20width%3D%27100%27%20height%3D%27461%27%20viewBox%3D%270%200%20100%20461%27%3E%3Crect%20width%3D%27100%27%20height%3D%27461%27%20fill-opacity%3D%220%22%2F%3E%3C%2Fsvg%3E\" data-orig-src=\"https:\/\/www.google.com\/maps\/embed?pb=!1m18!1m12!1m3!1d3042.5394726699706!2d-3.4640936838580485!3d40.30818327015657!2m3!1f0!2f0!3f0!3m2!1i1024!2i768!4f13.1!3m3!1m2!1s0xd423f1d3606c0cf%3A0xdb65f78dbd9ff323!2sTei+Nogal!5e0!3m2!1ses!2ses!4v1560432889125!5m2!1ses!2ses\" width=\"100%\" height=\"461\" frameborder=\"0\" allowfullscreen=\"allowfullscreen\"><\/iframe><\/p>\n<\/div><\/div><\/div><\/div><\/div><div class=\"fusion-fullwidth fullwidth-box fusion-builder-row-3 fusion-flex-container hundred-percent-fullwidth non-hundred-percent-height-scrolling\" style=\"--awb-border-radius-top-left:0px;--awb-border-radius-top-right:0px;--awb-border-radius-bottom-right:0px;--awb-border-radius-bottom-left:0px;--awb-padding-top:0px;--awb-padding-right:0px;--awb-padding-bottom:0px;--awb-padding-left:0px;\" ><div class=\"fusion-builder-row fusion-row fusion-flex-align-items-flex-start\" style=\"width:calc( 100% + 0px ) !important;max-width:calc( 100% + 0px ) !important;margin-left: calc(-0px \/ 2 );margin-right: calc(-0px \/ 2 );\"><div class=\"fusion-layout-column fusion_builder_column fusion-builder-column-3 fusion_builder_column_1_2 1_2 fusion-flex-column\" style=\"--awb-padding-top:100px;--awb-padding-right:20%;--awb-padding-bottom:100px;--awb-padding-left:20%;--awb-bg-color:#f5f5f5;--awb-bg-color-hover:#f5f5f5;--awb-bg-size:cover;--awb-width-large:50%;--awb-margin-top-large:0px;--awb-spacing-right-large:0;--awb-margin-bottom-large:20px;--awb-spacing-left-large:0px;--awb-width-medium:50%;--awb-spacing-right-medium:0;--awb-spacing-left-medium:0px;--awb-width-small:100%;--awb-spacing-right-small:0px;--awb-spacing-left-small:0px;\"><div class=\"fusion-column-wrapper fusion-flex-justify-content-flex-start fusion-content-layout-column\"><div class=\"fusion-text fusion-text-7\"><h2 class=\"centrado margen20b\">Notre Entreprise<\/h2>\n<\/div><div class=\"fusion-text fusion-text-8\"><p style=\"text-align: center;\">Plus de 35 ann\u00e9es d&#8217;exp\u00e9rience et leader m\u00e9tal entaillage.<\/p>\n<\/div><div class=\"fusion-text fusion-text-9\"><p class=\"centrado\"><a class=\"enlaceAd\" href=\"\/histoire\">PLUS QUI SOMMES-NOUS<\/a><\/p>\n<\/div><\/div><\/div><div class=\"fusion-layout-column fusion_builder_column fusion-builder-column-4 fusion_builder_column_1_2 1_2 fusion-flex-column\" style=\"--awb-padding-top:100px;--awb-padding-right:20%;--awb-padding-bottom:100px;--awb-padding-left:20%;--awb-bg-color:#ededed;--awb-bg-color-hover:#ededed;--awb-bg-size:cover;--awb-width-large:50%;--awb-margin-top-large:0px;--awb-spacing-right-large:0px;--awb-margin-bottom-large:20px;--awb-spacing-left-large:0;--awb-width-medium:50%;--awb-spacing-right-medium:0px;--awb-spacing-left-medium:0;--awb-width-small:100%;--awb-spacing-right-small:0px;--awb-spacing-left-small:0px;\"><div class=\"fusion-column-wrapper fusion-flex-justify-content-flex-start fusion-content-layout-column\"><div class=\"fusion-text fusion-text-10\"><h2 class=\"centrado margen20b\">Services<\/h2>\n<\/div><div class=\"fusion-text fusion-text-11\"><p class=\"centrado\">Il sait tout ce que nous pouvons faire pour vous.<\/p>\n<\/div><div class=\"fusion-text fusion-text-12\"><p class=\"centrado\"><a class=\"enlaceAd\" href=\"\/services-fr\">NOS SERVICES<\/a><\/p>\n<\/div><\/div><\/div><\/div><\/div><\/p>\n","protected":false},"excerpt":{"rendered":"","protected":false},"author":2,"featured_media":0,"parent":0,"menu_order":0,"comment_status":"closed","ping_status":"closed","template":"100-width.php","meta":{"_themeisle_gutenberg_block_has_review":false},"yoast_head":"<!-- This site is optimized with the Yoast SEO plugin v20.5 - https:\/\/yoast.com\/wordpress\/plugins\/seo\/ -->\n<title>Contact - ENTALLADOS MET\u00c1LICOS Teinogal<\/title>\n<meta name=\"robots\" content=\"index, follow, max-snippet:-1, max-image-preview:large, max-video-preview:-1\" \/>\n<link rel=\"canonical\" href=\"https:\/\/www.teinogal.com\/dev\/fr\/contact-fr\/\" \/>\n<meta property=\"og:locale\" content=\"es_ES\" \/>\n<meta property=\"og:type\" content=\"article\" \/>\n<meta property=\"og:title\" content=\"Contact - ENTALLADOS MET\u00c1LICOS Teinogal\" \/>\n<meta property=\"og:url\" content=\"https:\/\/www.teinogal.com\/dev\/fr\/contact-fr\/\" \/>\n<meta property=\"og:site_name\" content=\"ENTALLADOS MET\u00c1LICOS Teinogal\" \/>\n<meta property=\"article:publisher\" content=\"https:\/\/www.facebook.com\/teinogal\/\" \/>\n<meta property=\"article:modified_time\" content=\"2020-07-02T11:35:24+00:00\" \/>\n<meta name=\"twitter:card\" content=\"summary_large_image\" \/>\n<meta name=\"twitter:site\" content=\"@TEINOGAL\" \/>\n<meta name=\"twitter:label1\" content=\"Tiempo de lectura\" \/>\n\t<meta name=\"twitter:data1\" content=\"8 minutos\" \/>\n<script type=\"application\/ld+json\" class=\"yoast-schema-graph\">{\"@context\":\"https:\/\/schema.org\",\"@graph\":[{\"@type\":\"WebPage\",\"@id\":\"https:\/\/www.teinogal.com\/dev\/fr\/contact-fr\/\",\"url\":\"https:\/\/www.teinogal.com\/dev\/fr\/contact-fr\/\",\"name\":\"Contact - ENTALLADOS MET\u00c1LICOS Teinogal\",\"isPartOf\":{\"@id\":\"https:\/\/www.teinogal.com\/dev\/#website\"},\"datePublished\":\"2020-05-21T09:30:18+00:00\",\"dateModified\":\"2020-07-02T11:35:24+00:00\",\"breadcrumb\":{\"@id\":\"https:\/\/www.teinogal.com\/dev\/fr\/contact-fr\/#breadcrumb\"},\"inLanguage\":\"es\",\"potentialAction\":[{\"@type\":\"ReadAction\",\"target\":[\"https:\/\/www.teinogal.com\/dev\/fr\/contact-fr\/\"]}]},{\"@type\":\"BreadcrumbList\",\"@id\":\"https:\/\/www.teinogal.com\/dev\/fr\/contact-fr\/#breadcrumb\",\"itemListElement\":[{\"@type\":\"ListItem\",\"position\":1,\"name\":\"Portada\",\"item\":\"https:\/\/www.teinogal.com\/dev\/\"},{\"@type\":\"ListItem\",\"position\":2,\"name\":\"Contact\"}]},{\"@type\":\"WebSite\",\"@id\":\"https:\/\/www.teinogal.com\/dev\/#website\",\"url\":\"https:\/\/www.teinogal.com\/dev\/\",\"name\":\"ENTALLADOS MET\u00c1LICOS Teinogal\",\"description\":\"Trabajos de repulsado, entallado met\u00e1lico y embutici\u00f3n\",\"publisher\":{\"@id\":\"https:\/\/www.teinogal.com\/dev\/#organization\"},\"potentialAction\":[{\"@type\":\"SearchAction\",\"target\":{\"@type\":\"EntryPoint\",\"urlTemplate\":\"https:\/\/www.teinogal.com\/dev\/?s={search_term_string}\"},\"query-input\":\"required name=search_term_string\"}],\"inLanguage\":\"es\"},{\"@type\":\"Organization\",\"@id\":\"https:\/\/www.teinogal.com\/dev\/#organization\",\"name\":\"Teinogal S.L.\",\"url\":\"https:\/\/www.teinogal.com\/dev\/\",\"logo\":{\"@type\":\"ImageObject\",\"inLanguage\":\"es\",\"@id\":\"https:\/\/www.teinogal.com\/dev\/#\/schema\/logo\/image\/\",\"url\":\"https:\/\/www.teinogal.com\/dev\/wp-content\/uploads\/2019\/06\/logomovil.jpg\",\"contentUrl\":\"https:\/\/www.teinogal.com\/dev\/wp-content\/uploads\/2019\/06\/logomovil.jpg\",\"width\":202,\"height\":47,\"caption\":\"Teinogal S.L.\"},\"image\":{\"@id\":\"https:\/\/www.teinogal.com\/dev\/#\/schema\/logo\/image\/\"},\"sameAs\":[\"https:\/\/www.facebook.com\/teinogal\/\",\"https:\/\/twitter.com\/TEINOGAL\",\"https:\/\/www.instagram.com\/teinogal\/\"]}]}<\/script>\n<!-- \/ Yoast SEO plugin. -->","yoast_head_json":{"title":"Contact - ENTALLADOS MET\u00c1LICOS Teinogal","robots":{"index":"index","follow":"follow","max-snippet":"max-snippet:-1","max-image-preview":"max-image-preview:large","max-video-preview":"max-video-preview:-1"},"canonical":"https:\/\/www.teinogal.com\/dev\/fr\/contact-fr\/","og_locale":"es_ES","og_type":"article","og_title":"Contact - ENTALLADOS MET\u00c1LICOS Teinogal","og_url":"https:\/\/www.teinogal.com\/dev\/fr\/contact-fr\/","og_site_name":"ENTALLADOS MET\u00c1LICOS Teinogal","article_publisher":"https:\/\/www.facebook.com\/teinogal\/","article_modified_time":"2020-07-02T11:35:24+00:00","twitter_card":"summary_large_image","twitter_site":"@TEINOGAL","twitter_misc":{"Tiempo de lectura":"8 minutos"},"schema":{"@context":"https:\/\/schema.org","@graph":[{"@type":"WebPage","@id":"https:\/\/www.teinogal.com\/dev\/fr\/contact-fr\/","url":"https:\/\/www.teinogal.com\/dev\/fr\/contact-fr\/","name":"Contact - ENTALLADOS MET\u00c1LICOS Teinogal","isPartOf":{"@id":"https:\/\/www.teinogal.com\/dev\/#website"},"datePublished":"2020-05-21T09:30:18+00:00","dateModified":"2020-07-02T11:35:24+00:00","breadcrumb":{"@id":"https:\/\/www.teinogal.com\/dev\/fr\/contact-fr\/#breadcrumb"},"inLanguage":"es","potentialAction":[{"@type":"ReadAction","target":["https:\/\/www.teinogal.com\/dev\/fr\/contact-fr\/"]}]},{"@type":"BreadcrumbList","@id":"https:\/\/www.teinogal.com\/dev\/fr\/contact-fr\/#breadcrumb","itemListElement":[{"@type":"ListItem","position":1,"name":"Portada","item":"https:\/\/www.teinogal.com\/dev\/"},{"@type":"ListItem","position":2,"name":"Contact"}]},{"@type":"WebSite","@id":"https:\/\/www.teinogal.com\/dev\/#website","url":"https:\/\/www.teinogal.com\/dev\/","name":"ENTALLADOS MET\u00c1LICOS Teinogal","description":"Trabajos de repulsado, entallado met\u00e1lico y embutici\u00f3n","publisher":{"@id":"https:\/\/www.teinogal.com\/dev\/#organization"},"potentialAction":[{"@type":"SearchAction","target":{"@type":"EntryPoint","urlTemplate":"https:\/\/www.teinogal.com\/dev\/?s={search_term_string}"},"query-input":"required name=search_term_string"}],"inLanguage":"es"},{"@type":"Organization","@id":"https:\/\/www.teinogal.com\/dev\/#organization","name":"Teinogal S.L.","url":"https:\/\/www.teinogal.com\/dev\/","logo":{"@type":"ImageObject","inLanguage":"es","@id":"https:\/\/www.teinogal.com\/dev\/#\/schema\/logo\/image\/","url":"https:\/\/www.teinogal.com\/dev\/wp-content\/uploads\/2019\/06\/logomovil.jpg","contentUrl":"https:\/\/www.teinogal.com\/dev\/wp-content\/uploads\/2019\/06\/logomovil.jpg","width":202,"height":47,"caption":"Teinogal S.L."},"image":{"@id":"https:\/\/www.teinogal.com\/dev\/#\/schema\/logo\/image\/"},"sameAs":["https:\/\/www.facebook.com\/teinogal\/","https:\/\/twitter.com\/TEINOGAL","https:\/\/www.instagram.com\/teinogal\/"]}]}},"_links":{"self":[{"href":"https:\/\/www.teinogal.com\/dev\/wp-json\/wp\/v2\/pages\/1180"}],"collection":[{"href":"https:\/\/www.teinogal.com\/dev\/wp-json\/wp\/v2\/pages"}],"about":[{"href":"https:\/\/www.teinogal.com\/dev\/wp-json\/wp\/v2\/types\/page"}],"author":[{"embeddable":true,"href":"https:\/\/www.teinogal.com\/dev\/wp-json\/wp\/v2\/users\/2"}],"replies":[{"embeddable":true,"href":"https:\/\/www.teinogal.com\/dev\/wp-json\/wp\/v2\/comments?post=1180"}],"version-history":[{"count":5,"href":"https:\/\/www.teinogal.com\/dev\/wp-json\/wp\/v2\/pages\/1180\/revisions"}],"predecessor-version":[{"id":1311,"href":"https:\/\/www.teinogal.com\/dev\/wp-json\/wp\/v2\/pages\/1180\/revisions\/1311"}],"wp:attachment":[{"href":"https:\/\/www.teinogal.com\/dev\/wp-json\/wp\/v2\/media?parent=1180"}],"curies":[{"name":"wp","href":"https:\/\/api.w.org\/{rel}","templated":true}]}}