{"id":1192,"date":"2020-05-21T12:24:04","date_gmt":"2020-05-21T10:24:04","guid":{"rendered":"http:\/\/localhost:8888\/teinogal\/?page_id=1192"},"modified":"2020-07-02T13:31:00","modified_gmt":"2020-07-02T11:31:00","slug":"histoire","status":"publish","type":"page","link":"https:\/\/www.teinogal.com\/dev\/fr\/histoire\/","title":{"rendered":"Histoire"},"content":{"rendered":"<p><div class=\"fusion-fullwidth fullwidth-box fusion-builder-row-1 fusion-flex-container hundred-percent-fullwidth non-hundred-percent-height-scrolling\" style=\"--awb-border-radius-top-left:0px;--awb-border-radius-top-right:0px;--awb-border-radius-bottom-right:0px;--awb-border-radius-bottom-left:0px;--awb-padding-top:0px;--awb-padding-right:0px;--awb-padding-bottom:0px;--awb-padding-left:0px;\" ><div class=\"fusion-builder-row fusion-row fusion-flex-align-items-stretch\" style=\"width:calc( 100% + 0px ) !important;max-width:calc( 100% + 0px ) !important;margin-left: calc(-0px \/ 2 );margin-right: calc(-0px \/ 2 );\"><div class=\"fusion-layout-column fusion_builder_column fusion-builder-column-0 fusion_builder_column_1_2 1_2 fusion-flex-column\" style=\"--awb-padding-top:100px;--awb-padding-right:6%;--awb-padding-bottom:100px;--awb-padding-left:6%;--awb-bg-size:cover;--awb-width-large:50%;--awb-margin-top-large:0px;--awb-spacing-right-large:0;--awb-margin-bottom-large:20px;--awb-spacing-left-large:0px;--awb-width-medium:50%;--awb-spacing-right-medium:0;--awb-spacing-left-medium:0px;--awb-width-small:100%;--awb-spacing-right-small:0px;--awb-spacing-left-small:0px;\"><div class=\"fusion-column-wrapper fusion-flex-justify-content-flex-start fusion-content-layout-column\"><div class=\"fusion-text fusion-text-1\"><h2>D\u00e9buts<\/h2>\n<\/div><div class=\"fusion-separator\" style=\"align-self: flex-start;margin-right:auto;margin-bottom:30px;width:100%;max-width:100px;\"><div class=\"fusion-separator-border sep-single sep-solid\" style=\"--awb-height:20px;--awb-amount:20px;--awb-sep-color:#00428d;border-color:#00428d;border-top-width:2px;\"><\/div><\/div><div class=\"fusion-text fusion-text-2\"><p>Notre entreprise commence dans la province Arganda del Rey de la communaut\u00e9 de Madrid avec notre fondateur Alberto Nogal, Il est une personne motivante, pr\u00eat \u00e0 travailler, passionn\u00e9, visionnaire, perfectionniste, particuli\u00e8rement persistants et entreprenants. Ces valeurs sont entr\u00e9es dans Teinogal et nous avons travaill\u00e9 depuis sa cr\u00e9ation en 1991, mais avant la fa\u00e7on dont il a travaill\u00e9 ind\u00e9pendant 5 ans, on peut dire que la soci\u00e9t\u00e9 a commenc\u00e9 \u00e0 1986.<\/p>\n<p>Le Mr. plut\u00f4t, aux 30 ans a pris cette d\u00e9cision parce que son exp\u00e9rience qui a commenc\u00e9 en 1972 Apr\u00e8s avoir travaill\u00e9 dans les entreprises du secteur informel a vu une occasion de fa\u00e7onner l&#8217;avenir de l&#8217;entaillage m\u00e9tallique en Espagne.<\/p>\n<\/div><div class=\"fusion-separator fusion-full-width-sep\" style=\"align-self: center;margin-left: auto;margin-right: auto;margin-top:7px;width:100%;\"><\/div><\/div><\/div><div class=\"fusion-layout-column fusion_builder_column fusion-builder-column-1 fusion_builder_column_1_2 1_2 fusion-flex-column\" style=\"--awb-bg-color:#4c5166;--awb-bg-color-hover:#4c5166;--awb-bg-position:center center;--awb-bg-size:cover;--awb-width-large:50%;--awb-margin-top-large:0px;--awb-spacing-right-large:0px;--awb-margin-bottom-large:20px;--awb-spacing-left-large:0;--awb-width-medium:50%;--awb-spacing-right-medium:0px;--awb-spacing-left-medium:0;--awb-width-small:100%;--awb-spacing-right-small:0px;--awb-spacing-left-small:0px;\"><div class=\"fusion-column-wrapper lazyload fusion-column-has-shadow fusion-flex-justify-content-flex-start fusion-content-layout-column fusion-empty-column-bg-image\" data-bg-url=\"https:\/\/www.teinogal.com\/dev\/wp-content\/uploads\/2019\/06\/teinogal-contacto.jpg\" data-bg=\"https:\/\/www.teinogal.com\/dev\/wp-content\/uploads\/2019\/06\/teinogal-contacto.jpg\"><img class=\"fusion-empty-dims-img-placeholder fusion-no-large-visibility fusion-no-medium-visibility\" src=\"data:image\/svg+xml,%3Csvg%20xmlns%3D%27http%3A%2F%2Fwww.w3.org%2F2000%2Fsvg%27%20width%3D%27900%27%20height%3D%27600%27%20viewBox%3D%270%200%20900%20600%27%3E%3Crect%20width%3D%27900%27%20height%3D%27600%27%20fill-opacity%3D%220%22%2F%3E%3C%2Fsvg%3E\"><\/div><\/div><\/div><\/div><div class=\"fusion-fullwidth fullwidth-box fusion-builder-row-2 fusion-flex-container hundred-percent-fullwidth non-hundred-percent-height-scrolling\" style=\"--awb-border-radius-top-left:0px;--awb-border-radius-top-right:0px;--awb-border-radius-bottom-right:0px;--awb-border-radius-bottom-left:0px;--awb-padding-top:0px;--awb-padding-right:0px;--awb-padding-bottom:0px;--awb-padding-left:0px;\" ><div class=\"fusion-builder-row fusion-row fusion-flex-align-items-stretch\" style=\"width:calc( 100% + 0px ) !important;max-width:calc( 100% + 0px ) !important;margin-left: calc(-0px \/ 2 );margin-right: calc(-0px \/ 2 );\"><div class=\"fusion-layout-column fusion_builder_column fusion-builder-column-2 fusion_builder_column_1_2 1_2 fusion-flex-column\" style=\"--awb-bg-position:center center;--awb-bg-size:cover;--awb-width-large:50%;--awb-margin-top-large:0px;--awb-spacing-right-large:0;--awb-margin-bottom-large:20px;--awb-spacing-left-large:0px;--awb-width-medium:50%;--awb-spacing-right-medium:0;--awb-spacing-left-medium:0px;--awb-width-small:100%;--awb-spacing-right-small:0px;--awb-spacing-left-small:0px;\"><div class=\"fusion-column-wrapper lazyload fusion-column-has-shadow fusion-flex-justify-content-flex-start fusion-content-layout-column fusion-empty-column-bg-image\" data-bg-url=\"https:\/\/www.teinogal.com\/dev\/wp-content\/uploads\/2019\/06\/20180322_142404.jpg\" data-bg=\"https:\/\/www.teinogal.com\/dev\/wp-content\/uploads\/2019\/06\/20180322_142404.jpg\"><img class=\"fusion-empty-dims-img-placeholder fusion-no-large-visibility fusion-no-medium-visibility\" src=\"data:image\/svg+xml,%3Csvg%20xmlns%3D%27http%3A%2F%2Fwww.w3.org%2F2000%2Fsvg%27%20width%3D%271600%27%20height%3D%27900%27%20viewBox%3D%270%200%201600%20900%27%3E%3Crect%20width%3D%271600%27%20height%3D%27900%27%20fill-opacity%3D%220%22%2F%3E%3C%2Fsvg%3E\"><\/div><\/div><div class=\"fusion-layout-column fusion_builder_column fusion-builder-column-3 fusion_builder_column_1_2 1_2 fusion-flex-column\" style=\"--awb-padding-top:100px;--awb-padding-right:6%;--awb-padding-bottom:100px;--awb-padding-left:6%;--awb-bg-size:cover;--awb-width-large:50%;--awb-margin-top-large:0px;--awb-spacing-right-large:0px;--awb-margin-bottom-large:20px;--awb-spacing-left-large:0;--awb-width-medium:50%;--awb-spacing-right-medium:0px;--awb-spacing-left-medium:0;--awb-width-small:100%;--awb-spacing-right-small:0px;--awb-spacing-left-small:0px;\"><div class=\"fusion-column-wrapper fusion-flex-justify-content-flex-start fusion-content-layout-column\"><div class=\"fusion-text fusion-text-3\"><h2>Effort Continu<\/h2>\n<\/div><div class=\"fusion-separator\" style=\"align-self: flex-start;margin-right:auto;margin-bottom:30px;width:100%;max-width:100px;\"><div class=\"fusion-separator-border sep-single sep-solid\" style=\"--awb-height:20px;--awb-amount:20px;--awb-sep-color:#00428d;border-color:#00428d;border-top-width:2px;\"><\/div><\/div><div class=\"fusion-text fusion-text-4\"><p>Quand il a commenc\u00e9 en tant qu&#8217;ind\u00e9pendant, Il a commenc\u00e9 dans un entrep\u00f4t de 150 m\u00b2 et la 2 semaine \u00e0 partir engag\u00e9 2 personnes, aux 5 ans et \u00e9taient 8 personnes embauch\u00e9es alors je devais aller \u00e0 d&#8217;autres installations 500 m\u00b2 \u00e9tait proche o\u00f9 il \u00e9tait quand il a fond\u00e9 Teinogal.<\/p>\n<p>Apr\u00e8s plusieurs ann\u00e9es d&#8217;efforts continus, Travailler pour tous les secteurs de l&#8217;entaillage en m\u00e9tal pour les grandes entreprises a obtenu dans les op\u00e9rations tr\u00e8s importantes qui ont \u00e9t\u00e9 adopt\u00e9es Teinogal un navire 500m\u00b2 \u00e0 1000m\u00b2 au m\u00eame endroit. Dans l&#8217;ann\u00e9e 2003 Teinogal a r\u00e9ussi \u00e0 \u00eatre dans un concours de caract\u00e8re qui fait grandir ses installations de 2000 m\u00b2 avec un grand investissement dans les machines pour l&#8217;entaillage m\u00e9tallique, gaufrage et hydro-form\u00e9.<\/p>\n<p>Chaque ann\u00e9e, M.. Nogal faisait ses efforts devenait et les r\u00e9alisations ainsi que son \u00e9quipe de 18 employ\u00e9s dont l&#8217;exp\u00e9rience a \u00e9t\u00e9 de plus en plus.<\/p>\n<\/div><\/div><\/div><\/div><\/div><div class=\"fusion-fullwidth fullwidth-box fusion-builder-row-3 fusion-flex-container hundred-percent-fullwidth non-hundred-percent-height-scrolling\" style=\"--awb-border-radius-top-left:0px;--awb-border-radius-top-right:0px;--awb-border-radius-bottom-right:0px;--awb-border-radius-bottom-left:0px;--awb-padding-top:0px;--awb-padding-right:0px;--awb-padding-bottom:0px;--awb-padding-left:0px;\" ><div class=\"fusion-builder-row fusion-row fusion-flex-align-items-stretch\" style=\"width:calc( 100% + 0px ) !important;max-width:calc( 100% + 0px ) !important;margin-left: calc(-0px \/ 2 );margin-right: calc(-0px \/ 2 );\"><div class=\"fusion-layout-column fusion_builder_column fusion-builder-column-4 fusion_builder_column_1_2 1_2 fusion-flex-column\" style=\"--awb-padding-top:100px;--awb-padding-right:6%;--awb-padding-bottom:100px;--awb-padding-left:6%;--awb-bg-size:cover;--awb-width-large:50%;--awb-margin-top-large:0px;--awb-spacing-right-large:0;--awb-margin-bottom-large:20px;--awb-spacing-left-large:0px;--awb-width-medium:50%;--awb-spacing-right-medium:0;--awb-spacing-left-medium:0px;--awb-width-small:100%;--awb-spacing-right-small:0px;--awb-spacing-left-small:0px;\"><div class=\"fusion-column-wrapper fusion-flex-justify-content-flex-start fusion-content-layout-column\"><div class=\"fusion-text fusion-text-5\"><h2>Pr\u00e9sent<\/h2>\n<\/div><div class=\"fusion-separator\" style=\"align-self: flex-start;margin-right:auto;margin-bottom:30px;width:100%;max-width:100px;\"><div class=\"fusion-separator-border sep-single sep-solid\" style=\"--awb-height:20px;--awb-amount:20px;--awb-sep-color:#00428d;border-color:#00428d;border-top-width:2px;\"><\/div><\/div><div class=\"fusion-text fusion-text-6\"><p>Aux 57 \u00e2ge, en 2012, changements de strat\u00e9gie Teinogal apr\u00e8s plusieurs r\u00e9unions, dialogues, r\u00e9flexions avec l&#8217;\u00e9quipe et les nouvelles g\u00e9n\u00e9rations qui aujourd&#8217;hui donnent un soutien Teinogal, Il rend l&#8217;entreprise passage \u00e0 un seul navire qui fait 2400m\u00b2 mieux structur\u00e9 et segment\u00e9e pour remplir leurs fonctions m\u00e9tal entaillage, gaufrage et hydro-form\u00e9 avec une grande ma\u00eetrise au cours du processus et d&#8217;accro\u00eetre sa production.<\/p>\n<p>Dans le 2015 terminer apr\u00e8s la demande des clients pour la surface m\u00e9tallis\u00e9es sous vide pouss\u00e9 et de rencontrer la nouvelle g\u00e9n\u00e9ration de la soci\u00e9t\u00e9, il a \u00e9t\u00e9 d\u00e9cid\u00e9 de faire l&#8217;investissement pour fournir la solution aux clients et a permis 500m\u00b2 de d\u00e9velopper ces travaux sous vide pouss\u00e9 m\u00e9tallis\u00e9es \u00e0 un autre endroit \u00e0 200 m\u00e8tres \u00e0 atmosph\u00e8re contr\u00f4l\u00e9e qui peint \u00e9galement des finitions pour donner au client la solution totale.<\/p>\n<p>Teinogal a actuellement surface 2900m\u00b2 pour exercer leurs fonctions, une \u00e9quipe de 28 employ\u00e9s qualifi\u00e9s et un grand enthousiasme pour le bon travail, clients et fournisseurs.<\/p>\n<\/div><div class=\"fusion-separator fusion-full-width-sep\" style=\"align-self: center;margin-left: auto;margin-right: auto;margin-top:7px;width:100%;\"><\/div><\/div><\/div><div class=\"fusion-layout-column fusion_builder_column fusion-builder-column-5 fusion_builder_column_1_2 1_2 fusion-flex-column\" style=\"--awb-bg-color:#4c5166;--awb-bg-color-hover:#4c5166;--awb-bg-position:center center;--awb-bg-size:cover;--awb-width-large:50%;--awb-margin-top-large:0px;--awb-spacing-right-large:0px;--awb-margin-bottom-large:20px;--awb-spacing-left-large:0;--awb-width-medium:50%;--awb-spacing-right-medium:0px;--awb-spacing-left-medium:0;--awb-width-small:100%;--awb-spacing-right-small:0px;--awb-spacing-left-small:0px;\"><div class=\"fusion-column-wrapper lazyload fusion-column-has-shadow fusion-flex-justify-content-flex-start fusion-content-layout-column fusion-empty-column-bg-image\" data-bg-url=\"https:\/\/www.teinogal.com\/dev\/wp-content\/uploads\/2019\/06\/DSC_0158.jpg\" data-bg=\"https:\/\/www.teinogal.com\/dev\/wp-content\/uploads\/2019\/06\/DSC_0158.jpg\"><img class=\"fusion-empty-dims-img-placeholder fusion-no-large-visibility fusion-no-medium-visibility\" src=\"data:image\/svg+xml,%3Csvg%20xmlns%3D%27http%3A%2F%2Fwww.w3.org%2F2000%2Fsvg%27%20width%3D%271444%27%20height%3D%27960%27%20viewBox%3D%270%200%201444%20960%27%3E%3Crect%20width%3D%271444%27%20height%3D%27960%27%20fill-opacity%3D%220%22%2F%3E%3C%2Fsvg%3E\"><\/div><\/div><\/div><\/div><div class=\"fusion-fullwidth fullwidth-box fusion-builder-row-4 fusion-flex-container hundred-percent-fullwidth non-hundred-percent-height-scrolling\" style=\"--awb-border-radius-top-left:0px;--awb-border-radius-top-right:0px;--awb-border-radius-bottom-right:0px;--awb-border-radius-bottom-left:0px;--awb-padding-top:0px;--awb-padding-right:0px;--awb-padding-bottom:0px;--awb-padding-left:0px;\" ><div class=\"fusion-builder-row fusion-row fusion-flex-align-items-flex-start\" style=\"width:calc( 100% + 0px ) !important;max-width:calc( 100% + 0px ) !important;margin-left: calc(-0px \/ 2 );margin-right: calc(-0px \/ 2 );\"><div class=\"fusion-layout-column fusion_builder_column fusion-builder-column-6 fusion_builder_column_1_2 1_2 fusion-flex-column\" style=\"--awb-padding-top:100px;--awb-padding-right:20%;--awb-padding-bottom:100px;--awb-padding-left:20%;--awb-bg-color:#f5f5f5;--awb-bg-color-hover:#f5f5f5;--awb-bg-size:cover;--awb-width-large:50%;--awb-margin-top-large:0px;--awb-spacing-right-large:0;--awb-margin-bottom-large:20px;--awb-spacing-left-large:0px;--awb-width-medium:50%;--awb-spacing-right-medium:0;--awb-spacing-left-medium:0px;--awb-width-small:100%;--awb-spacing-right-small:0px;--awb-spacing-left-small:0px;\"><div class=\"fusion-column-wrapper fusion-flex-justify-content-flex-start fusion-content-layout-column\"><div class=\"fusion-text fusion-text-7\"><h2 class=\"centrado margen20b\">Oeuvres<\/h2>\n<\/div><div class=\"fusion-text fusion-text-8\"><p style=\"text-align: center;\">D\u00e9couvrez notre portefeuille de travail.<\/p>\n<\/div><div class=\"fusion-text fusion-text-9\"><p class=\"centrado\"><a class=\"enlaceAd\" href=\"\/oeuvres\">Voir les Oeuvres<\/a><\/p>\n<\/div><\/div><\/div><div class=\"fusion-layout-column fusion_builder_column fusion-builder-column-7 fusion_builder_column_1_2 1_2 fusion-flex-column\" style=\"--awb-padding-top:100px;--awb-padding-right:20%;--awb-padding-bottom:100px;--awb-padding-left:20%;--awb-bg-color:#ededed;--awb-bg-color-hover:#ededed;--awb-bg-size:cover;--awb-width-large:50%;--awb-margin-top-large:0px;--awb-spacing-right-large:0px;--awb-margin-bottom-large:20px;--awb-spacing-left-large:0;--awb-width-medium:50%;--awb-spacing-right-medium:0px;--awb-spacing-left-medium:0;--awb-width-small:100%;--awb-spacing-right-small:0px;--awb-spacing-left-small:0px;\"><div class=\"fusion-column-wrapper fusion-flex-justify-content-flex-start fusion-content-layout-column\"><div class=\"fusion-text fusion-text-10\"><h2 class=\"centrado margen20b\">Machinerie<\/h2>\n<\/div><div class=\"fusion-text fusion-text-11\"><p class=\"centrado\">Nous avons les meilleures machines.<\/p>\n<\/div><div class=\"fusion-text fusion-text-12\"><p class=\"centrado\"><a class=\"enlaceAd\" href=\"\/machinerie\">MACHINERIE<\/a><\/p>\n<\/div><\/div><\/div><\/div><\/div><\/p>\n","protected":false},"excerpt":{"rendered":"","protected":false},"author":2,"featured_media":0,"parent":0,"menu_order":0,"comment_status":"closed","ping_status":"closed","template":"100-width.php","meta":{"_themeisle_gutenberg_block_has_review":false},"yoast_head":"<!-- This site is optimized with the Yoast SEO plugin v20.5 - https:\/\/yoast.com\/wordpress\/plugins\/seo\/ -->\n<title>Histoire - ENTALLADOS MET\u00c1LICOS Teinogal<\/title>\n<meta name=\"robots\" content=\"index, follow, max-snippet:-1, max-image-preview:large, max-video-preview:-1\" \/>\n<link rel=\"canonical\" href=\"https:\/\/www.teinogal.com\/dev\/fr\/histoire\/\" \/>\n<meta property=\"og:locale\" content=\"es_ES\" \/>\n<meta property=\"og:type\" content=\"article\" \/>\n<meta property=\"og:title\" content=\"Histoire - ENTALLADOS MET\u00c1LICOS Teinogal\" \/>\n<meta property=\"og:url\" content=\"https:\/\/www.teinogal.com\/dev\/fr\/histoire\/\" \/>\n<meta property=\"og:site_name\" content=\"ENTALLADOS MET\u00c1LICOS Teinogal\" \/>\n<meta property=\"article:publisher\" content=\"https:\/\/www.facebook.com\/teinogal\/\" \/>\n<meta property=\"article:modified_time\" content=\"2020-07-02T11:31:00+00:00\" \/>\n<meta name=\"twitter:card\" content=\"summary_large_image\" \/>\n<meta name=\"twitter:site\" content=\"@TEINOGAL\" \/>\n<meta name=\"twitter:label1\" content=\"Tiempo de lectura\" \/>\n\t<meta name=\"twitter:data1\" content=\"11 minutos\" \/>\n<script type=\"application\/ld+json\" class=\"yoast-schema-graph\">{\"@context\":\"https:\/\/schema.org\",\"@graph\":[{\"@type\":\"WebPage\",\"@id\":\"https:\/\/www.teinogal.com\/dev\/fr\/histoire\/\",\"url\":\"https:\/\/www.teinogal.com\/dev\/fr\/histoire\/\",\"name\":\"Histoire - ENTALLADOS MET\u00c1LICOS Teinogal\",\"isPartOf\":{\"@id\":\"https:\/\/www.teinogal.com\/dev\/#website\"},\"datePublished\":\"2020-05-21T10:24:04+00:00\",\"dateModified\":\"2020-07-02T11:31:00+00:00\",\"breadcrumb\":{\"@id\":\"https:\/\/www.teinogal.com\/dev\/fr\/histoire\/#breadcrumb\"},\"inLanguage\":\"es\",\"potentialAction\":[{\"@type\":\"ReadAction\",\"target\":[\"https:\/\/www.teinogal.com\/dev\/fr\/histoire\/\"]}]},{\"@type\":\"BreadcrumbList\",\"@id\":\"https:\/\/www.teinogal.com\/dev\/fr\/histoire\/#breadcrumb\",\"itemListElement\":[{\"@type\":\"ListItem\",\"position\":1,\"name\":\"Portada\",\"item\":\"https:\/\/www.teinogal.com\/dev\/\"},{\"@type\":\"ListItem\",\"position\":2,\"name\":\"Histoire\"}]},{\"@type\":\"WebSite\",\"@id\":\"https:\/\/www.teinogal.com\/dev\/#website\",\"url\":\"https:\/\/www.teinogal.com\/dev\/\",\"name\":\"ENTALLADOS MET\u00c1LICOS Teinogal\",\"description\":\"Trabajos de repulsado, entallado met\u00e1lico y embutici\u00f3n\",\"publisher\":{\"@id\":\"https:\/\/www.teinogal.com\/dev\/#organization\"},\"potentialAction\":[{\"@type\":\"SearchAction\",\"target\":{\"@type\":\"EntryPoint\",\"urlTemplate\":\"https:\/\/www.teinogal.com\/dev\/?s={search_term_string}\"},\"query-input\":\"required name=search_term_string\"}],\"inLanguage\":\"es\"},{\"@type\":\"Organization\",\"@id\":\"https:\/\/www.teinogal.com\/dev\/#organization\",\"name\":\"Teinogal S.L.\",\"url\":\"https:\/\/www.teinogal.com\/dev\/\",\"logo\":{\"@type\":\"ImageObject\",\"inLanguage\":\"es\",\"@id\":\"https:\/\/www.teinogal.com\/dev\/#\/schema\/logo\/image\/\",\"url\":\"https:\/\/www.teinogal.com\/dev\/wp-content\/uploads\/2019\/06\/logomovil.jpg\",\"contentUrl\":\"https:\/\/www.teinogal.com\/dev\/wp-content\/uploads\/2019\/06\/logomovil.jpg\",\"width\":202,\"height\":47,\"caption\":\"Teinogal S.L.\"},\"image\":{\"@id\":\"https:\/\/www.teinogal.com\/dev\/#\/schema\/logo\/image\/\"},\"sameAs\":[\"https:\/\/www.facebook.com\/teinogal\/\",\"https:\/\/twitter.com\/TEINOGAL\",\"https:\/\/www.instagram.com\/teinogal\/\"]}]}<\/script>\n<!-- \/ Yoast SEO plugin. -->","yoast_head_json":{"title":"Histoire - ENTALLADOS MET\u00c1LICOS Teinogal","robots":{"index":"index","follow":"follow","max-snippet":"max-snippet:-1","max-image-preview":"max-image-preview:large","max-video-preview":"max-video-preview:-1"},"canonical":"https:\/\/www.teinogal.com\/dev\/fr\/histoire\/","og_locale":"es_ES","og_type":"article","og_title":"Histoire - ENTALLADOS MET\u00c1LICOS Teinogal","og_url":"https:\/\/www.teinogal.com\/dev\/fr\/histoire\/","og_site_name":"ENTALLADOS MET\u00c1LICOS Teinogal","article_publisher":"https:\/\/www.facebook.com\/teinogal\/","article_modified_time":"2020-07-02T11:31:00+00:00","twitter_card":"summary_large_image","twitter_site":"@TEINOGAL","twitter_misc":{"Tiempo de lectura":"11 minutos"},"schema":{"@context":"https:\/\/schema.org","@graph":[{"@type":"WebPage","@id":"https:\/\/www.teinogal.com\/dev\/fr\/histoire\/","url":"https:\/\/www.teinogal.com\/dev\/fr\/histoire\/","name":"Histoire - ENTALLADOS MET\u00c1LICOS Teinogal","isPartOf":{"@id":"https:\/\/www.teinogal.com\/dev\/#website"},"datePublished":"2020-05-21T10:24:04+00:00","dateModified":"2020-07-02T11:31:00+00:00","breadcrumb":{"@id":"https:\/\/www.teinogal.com\/dev\/fr\/histoire\/#breadcrumb"},"inLanguage":"es","potentialAction":[{"@type":"ReadAction","target":["https:\/\/www.teinogal.com\/dev\/fr\/histoire\/"]}]},{"@type":"BreadcrumbList","@id":"https:\/\/www.teinogal.com\/dev\/fr\/histoire\/#breadcrumb","itemListElement":[{"@type":"ListItem","position":1,"name":"Portada","item":"https:\/\/www.teinogal.com\/dev\/"},{"@type":"ListItem","position":2,"name":"Histoire"}]},{"@type":"WebSite","@id":"https:\/\/www.teinogal.com\/dev\/#website","url":"https:\/\/www.teinogal.com\/dev\/","name":"ENTALLADOS MET\u00c1LICOS Teinogal","description":"Trabajos de repulsado, entallado met\u00e1lico y embutici\u00f3n","publisher":{"@id":"https:\/\/www.teinogal.com\/dev\/#organization"},"potentialAction":[{"@type":"SearchAction","target":{"@type":"EntryPoint","urlTemplate":"https:\/\/www.teinogal.com\/dev\/?s={search_term_string}"},"query-input":"required name=search_term_string"}],"inLanguage":"es"},{"@type":"Organization","@id":"https:\/\/www.teinogal.com\/dev\/#organization","name":"Teinogal S.L.","url":"https:\/\/www.teinogal.com\/dev\/","logo":{"@type":"ImageObject","inLanguage":"es","@id":"https:\/\/www.teinogal.com\/dev\/#\/schema\/logo\/image\/","url":"https:\/\/www.teinogal.com\/dev\/wp-content\/uploads\/2019\/06\/logomovil.jpg","contentUrl":"https:\/\/www.teinogal.com\/dev\/wp-content\/uploads\/2019\/06\/logomovil.jpg","width":202,"height":47,"caption":"Teinogal S.L."},"image":{"@id":"https:\/\/www.teinogal.com\/dev\/#\/schema\/logo\/image\/"},"sameAs":["https:\/\/www.facebook.com\/teinogal\/","https:\/\/twitter.com\/TEINOGAL","https:\/\/www.instagram.com\/teinogal\/"]}]}},"_links":{"self":[{"href":"https:\/\/www.teinogal.com\/dev\/wp-json\/wp\/v2\/pages\/1192"}],"collection":[{"href":"https:\/\/www.teinogal.com\/dev\/wp-json\/wp\/v2\/pages"}],"about":[{"href":"https:\/\/www.teinogal.com\/dev\/wp-json\/wp\/v2\/types\/page"}],"author":[{"embeddable":true,"href":"https:\/\/www.teinogal.com\/dev\/wp-json\/wp\/v2\/users\/2"}],"replies":[{"embeddable":true,"href":"https:\/\/www.teinogal.com\/dev\/wp-json\/wp\/v2\/comments?post=1192"}],"version-history":[{"count":1,"href":"https:\/\/www.teinogal.com\/dev\/wp-json\/wp\/v2\/pages\/1192\/revisions"}],"predecessor-version":[{"id":1193,"href":"https:\/\/www.teinogal.com\/dev\/wp-json\/wp\/v2\/pages\/1192\/revisions\/1193"}],"wp:attachment":[{"href":"https:\/\/www.teinogal.com\/dev\/wp-json\/wp\/v2\/media?parent=1192"}],"curies":[{"name":"wp","href":"https:\/\/api.w.org\/{rel}","templated":true}]}}