{"id":9,"date":"2016-11-01T15:39:26","date_gmt":"2016-11-01T15:39:26","guid":{"rendered":"https:\/\/www.teinogal.com\/dev\/?page_id=9"},"modified":"2020-07-02T13:30:50","modified_gmt":"2020-07-02T11:30:50","slug":"history","status":"publish","type":"page","link":"https:\/\/www.teinogal.com\/dev\/en\/history\/","title":{"rendered":"History"},"content":{"rendered":"<p><div class=\"fusion-fullwidth fullwidth-box fusion-builder-row-1 fusion-flex-container hundred-percent-fullwidth non-hundred-percent-height-scrolling\" style=\"--awb-border-radius-top-left:0px;--awb-border-radius-top-right:0px;--awb-border-radius-bottom-right:0px;--awb-border-radius-bottom-left:0px;--awb-padding-top:0px;--awb-padding-right:0px;--awb-padding-bottom:0px;--awb-padding-left:0px;\" ><div class=\"fusion-builder-row fusion-row fusion-flex-align-items-stretch\" style=\"width:calc( 100% + 0px ) !important;max-width:calc( 100% + 0px ) !important;margin-left: calc(-0px \/ 2 );margin-right: calc(-0px \/ 2 );\"><div class=\"fusion-layout-column fusion_builder_column fusion-builder-column-0 fusion_builder_column_1_2 1_2 fusion-flex-column\" style=\"--awb-padding-top:100px;--awb-padding-right:6%;--awb-padding-bottom:100px;--awb-padding-left:6%;--awb-bg-size:cover;--awb-width-large:50%;--awb-margin-top-large:0px;--awb-spacing-right-large:0;--awb-margin-bottom-large:20px;--awb-spacing-left-large:0px;--awb-width-medium:50%;--awb-spacing-right-medium:0;--awb-spacing-left-medium:0px;--awb-width-small:100%;--awb-spacing-right-small:0px;--awb-spacing-left-small:0px;\"><div class=\"fusion-column-wrapper fusion-flex-justify-content-flex-start fusion-content-layout-column\"><div class=\"fusion-text fusion-text-1\"><h2>Beginnings<\/h2>\n<\/div><div class=\"fusion-separator\" style=\"align-self: flex-start;margin-right:auto;margin-bottom:30px;width:100%;max-width:100px;\"><div class=\"fusion-separator-border sep-single sep-solid\" style=\"--awb-height:20px;--awb-amount:20px;--awb-sep-color:#00428d;border-color:#00428d;border-top-width:2px;\"><\/div><\/div><div class=\"fusion-text fusion-text-2\"><p>Our company starts in Arganda del Rey province of the community of Madrid with our founder Alberto Nogal, It is a motivating person, willing to work, enthusiastic, visionary, perfectionist, especially persistent and enterprising. These values \u200b\u200bare entered in Teinogal and we have been working since it was founded in 1991, but before how independent he worked 5 years, we can say that the company began in 1986.<\/p>\n<p>Mr. Quite, to the 30 year-old took this decision because his experience that began in 1972 After working in the informal sector companies saw an opportunity to shape the future of the metal notching in Spain.<\/p>\n<\/div><div class=\"fusion-separator fusion-full-width-sep\" style=\"align-self: center;margin-left: auto;margin-right: auto;margin-top:7px;width:100%;\"><\/div><\/div><\/div><div class=\"fusion-layout-column fusion_builder_column fusion-builder-column-1 fusion_builder_column_1_2 1_2 fusion-flex-column\" style=\"--awb-bg-color:#4c5166;--awb-bg-color-hover:#4c5166;--awb-bg-position:center center;--awb-bg-size:cover;--awb-width-large:50%;--awb-margin-top-large:0px;--awb-spacing-right-large:0px;--awb-margin-bottom-large:20px;--awb-spacing-left-large:0;--awb-width-medium:50%;--awb-spacing-right-medium:0px;--awb-spacing-left-medium:0;--awb-width-small:100%;--awb-spacing-right-small:0px;--awb-spacing-left-small:0px;\"><div class=\"fusion-column-wrapper lazyload fusion-column-has-shadow fusion-flex-justify-content-flex-start fusion-content-layout-column fusion-empty-column-bg-image\" data-bg-url=\"https:\/\/www.teinogal.com\/dev\/wp-content\/uploads\/2019\/06\/teinogal-contacto.jpg\" data-bg=\"https:\/\/www.teinogal.com\/dev\/wp-content\/uploads\/2019\/06\/teinogal-contacto.jpg\"><img class=\"fusion-empty-dims-img-placeholder fusion-no-large-visibility fusion-no-medium-visibility\" src=\"data:image\/svg+xml,%3Csvg%20xmlns%3D%27http%3A%2F%2Fwww.w3.org%2F2000%2Fsvg%27%20width%3D%27900%27%20height%3D%27600%27%20viewBox%3D%270%200%20900%20600%27%3E%3Crect%20width%3D%27900%27%20height%3D%27600%27%20fill-opacity%3D%220%22%2F%3E%3C%2Fsvg%3E\"><\/div><\/div><\/div><\/div><div class=\"fusion-fullwidth fullwidth-box fusion-builder-row-2 fusion-flex-container hundred-percent-fullwidth non-hundred-percent-height-scrolling\" style=\"--awb-border-radius-top-left:0px;--awb-border-radius-top-right:0px;--awb-border-radius-bottom-right:0px;--awb-border-radius-bottom-left:0px;--awb-padding-top:0px;--awb-padding-right:0px;--awb-padding-bottom:0px;--awb-padding-left:0px;\" ><div class=\"fusion-builder-row fusion-row fusion-flex-align-items-stretch\" style=\"width:calc( 100% + 0px ) !important;max-width:calc( 100% + 0px ) !important;margin-left: calc(-0px \/ 2 );margin-right: calc(-0px \/ 2 );\"><div class=\"fusion-layout-column fusion_builder_column fusion-builder-column-2 fusion_builder_column_1_2 1_2 fusion-flex-column\" style=\"--awb-bg-position:center center;--awb-bg-size:cover;--awb-width-large:50%;--awb-margin-top-large:0px;--awb-spacing-right-large:0;--awb-margin-bottom-large:20px;--awb-spacing-left-large:0px;--awb-width-medium:50%;--awb-spacing-right-medium:0;--awb-spacing-left-medium:0px;--awb-width-small:100%;--awb-spacing-right-small:0px;--awb-spacing-left-small:0px;\"><div class=\"fusion-column-wrapper lazyload fusion-column-has-shadow fusion-flex-justify-content-flex-start fusion-content-layout-column fusion-empty-column-bg-image\" data-bg-url=\"https:\/\/www.teinogal.com\/dev\/wp-content\/uploads\/2019\/06\/20180322_142404.jpg\" data-bg=\"https:\/\/www.teinogal.com\/dev\/wp-content\/uploads\/2019\/06\/20180322_142404.jpg\"><img class=\"fusion-empty-dims-img-placeholder fusion-no-large-visibility fusion-no-medium-visibility\" src=\"data:image\/svg+xml,%3Csvg%20xmlns%3D%27http%3A%2F%2Fwww.w3.org%2F2000%2Fsvg%27%20width%3D%271600%27%20height%3D%27900%27%20viewBox%3D%270%200%201600%20900%27%3E%3Crect%20width%3D%271600%27%20height%3D%27900%27%20fill-opacity%3D%220%22%2F%3E%3C%2Fsvg%3E\"><\/div><\/div><div class=\"fusion-layout-column fusion_builder_column fusion-builder-column-3 fusion_builder_column_1_2 1_2 fusion-flex-column\" style=\"--awb-padding-top:100px;--awb-padding-right:6%;--awb-padding-bottom:100px;--awb-padding-left:6%;--awb-bg-size:cover;--awb-width-large:50%;--awb-margin-top-large:0px;--awb-spacing-right-large:0px;--awb-margin-bottom-large:20px;--awb-spacing-left-large:0;--awb-width-medium:50%;--awb-spacing-right-medium:0px;--awb-spacing-left-medium:0;--awb-width-small:100%;--awb-spacing-right-small:0px;--awb-spacing-left-small:0px;\"><div class=\"fusion-column-wrapper fusion-flex-justify-content-flex-start fusion-content-layout-column\"><div class=\"fusion-text fusion-text-3\"><h2>Continuous effort<\/h2>\n<\/div><div class=\"fusion-separator\" style=\"align-self: flex-start;margin-right:auto;margin-bottom:30px;width:100%;max-width:100px;\"><div class=\"fusion-separator-border sep-single sep-solid\" style=\"--awb-height:20px;--awb-amount:20px;--awb-sep-color:#00428d;border-color:#00428d;border-top-width:2px;\"><\/div><\/div><div class=\"fusion-text fusion-text-4\"><p>When he started as an independent, started in a warehouse of 150m\u00b2 and the 2 week starting hired 2 people, to the 5 years and were 8 people hired so I had to go to other facilities 500 m\u00b2 was near where he was when he founded Teinogal.<\/p>\n<p>After several years of continuous effort, Working for all sectors within the metal notching for major firms got into very large operations which were passed Teinogal a ship 500m\u00b2 to 1000m\u00b2 in the same location. In the year 2003 Teinogal managed to be in a contest of great character which made it grow its facilities to 2000m\u00b2 with large investment in machinery for the metal notching, embossing and hydro-formed.<\/p>\n<p>Each year Mr.. Nogal was doing was getting his efforts and achievements along with his team of 18 employees whose experience was growing.<\/p>\n<\/div><\/div><\/div><\/div><\/div><div class=\"fusion-fullwidth fullwidth-box fusion-builder-row-3 fusion-flex-container hundred-percent-fullwidth non-hundred-percent-height-scrolling\" style=\"--awb-border-radius-top-left:0px;--awb-border-radius-top-right:0px;--awb-border-radius-bottom-right:0px;--awb-border-radius-bottom-left:0px;--awb-padding-top:0px;--awb-padding-right:0px;--awb-padding-bottom:0px;--awb-padding-left:0px;\" ><div class=\"fusion-builder-row fusion-row fusion-flex-align-items-stretch\" style=\"width:calc( 100% + 0px ) !important;max-width:calc( 100% + 0px ) !important;margin-left: calc(-0px \/ 2 );margin-right: calc(-0px \/ 2 );\"><div class=\"fusion-layout-column fusion_builder_column fusion-builder-column-4 fusion_builder_column_1_2 1_2 fusion-flex-column\" style=\"--awb-padding-top:100px;--awb-padding-right:6%;--awb-padding-bottom:100px;--awb-padding-left:6%;--awb-bg-size:cover;--awb-width-large:50%;--awb-margin-top-large:0px;--awb-spacing-right-large:0;--awb-margin-bottom-large:20px;--awb-spacing-left-large:0px;--awb-width-medium:50%;--awb-spacing-right-medium:0;--awb-spacing-left-medium:0px;--awb-width-small:100%;--awb-spacing-right-small:0px;--awb-spacing-left-small:0px;\"><div class=\"fusion-column-wrapper fusion-flex-justify-content-flex-start fusion-content-layout-column\"><div class=\"fusion-text fusion-text-5\"><h2>Present<\/h2>\n<\/div><div class=\"fusion-separator\" style=\"align-self: flex-start;margin-right:auto;margin-bottom:30px;width:100%;max-width:100px;\"><div class=\"fusion-separator-border sep-single sep-solid\" style=\"--awb-height:20px;--awb-amount:20px;--awb-sep-color:#00428d;border-color:#00428d;border-top-width:2px;\"><\/div><\/div><div class=\"fusion-text fusion-text-6\"><p>To the 57 year old, in 2012, Teinogal strategy changes after several meetings, dialogues, reflections with the team and new generations which today give support Teinogal, It makes the company move to a single ship that makes 2400m\u00b2 be better structured and segmented to perform their functions notching metal, embossing and hydro-formed with high control during the process and increase its production.<\/p>\n<p>At 2015 after customer demand for metallized surface finish high vacuum and meet the new generation of the company, it was decided to make the investment to provide the solution to customers and enabled 500m\u00b2 to develop these works high vacuum metallized at another location at 200m away with controlled atmosphere which also paint finishes to give the customer total solution.<\/p>\n<p>Teinogal currently has 2900m\u00b2 surface to perform their duties, A team of 28 qualified employees and a great enthusiasm for the good work, customers and suppliers.<\/p>\n<\/div><div class=\"fusion-separator fusion-full-width-sep\" style=\"align-self: center;margin-left: auto;margin-right: auto;margin-top:7px;width:100%;\"><\/div><\/div><\/div><div class=\"fusion-layout-column fusion_builder_column fusion-builder-column-5 fusion_builder_column_1_2 1_2 fusion-flex-column\" style=\"--awb-bg-color:#4c5166;--awb-bg-color-hover:#4c5166;--awb-bg-position:center center;--awb-bg-size:cover;--awb-width-large:50%;--awb-margin-top-large:0px;--awb-spacing-right-large:0px;--awb-margin-bottom-large:20px;--awb-spacing-left-large:0;--awb-width-medium:50%;--awb-spacing-right-medium:0px;--awb-spacing-left-medium:0;--awb-width-small:100%;--awb-spacing-right-small:0px;--awb-spacing-left-small:0px;\"><div class=\"fusion-column-wrapper lazyload fusion-column-has-shadow fusion-flex-justify-content-flex-start fusion-content-layout-column fusion-empty-column-bg-image\" data-bg-url=\"https:\/\/www.teinogal.com\/dev\/wp-content\/uploads\/2019\/06\/DSC_0158.jpg\" data-bg=\"https:\/\/www.teinogal.com\/dev\/wp-content\/uploads\/2019\/06\/DSC_0158.jpg\"><img class=\"fusion-empty-dims-img-placeholder fusion-no-large-visibility fusion-no-medium-visibility\" src=\"data:image\/svg+xml,%3Csvg%20xmlns%3D%27http%3A%2F%2Fwww.w3.org%2F2000%2Fsvg%27%20width%3D%271444%27%20height%3D%27960%27%20viewBox%3D%270%200%201444%20960%27%3E%3Crect%20width%3D%271444%27%20height%3D%27960%27%20fill-opacity%3D%220%22%2F%3E%3C%2Fsvg%3E\"><\/div><\/div><\/div><\/div><div class=\"fusion-fullwidth fullwidth-box fusion-builder-row-4 fusion-flex-container hundred-percent-fullwidth non-hundred-percent-height-scrolling\" style=\"--awb-border-radius-top-left:0px;--awb-border-radius-top-right:0px;--awb-border-radius-bottom-right:0px;--awb-border-radius-bottom-left:0px;--awb-padding-top:0px;--awb-padding-right:0px;--awb-padding-bottom:0px;--awb-padding-left:0px;\" ><div class=\"fusion-builder-row fusion-row fusion-flex-align-items-flex-start\" style=\"width:calc( 100% + 0px ) !important;max-width:calc( 100% + 0px ) !important;margin-left: calc(-0px \/ 2 );margin-right: calc(-0px \/ 2 );\"><div class=\"fusion-layout-column fusion_builder_column fusion-builder-column-6 fusion_builder_column_1_2 1_2 fusion-flex-column\" style=\"--awb-padding-top:100px;--awb-padding-right:20%;--awb-padding-bottom:100px;--awb-padding-left:20%;--awb-bg-color:#f5f5f5;--awb-bg-color-hover:#f5f5f5;--awb-bg-size:cover;--awb-width-large:50%;--awb-margin-top-large:0px;--awb-spacing-right-large:0;--awb-margin-bottom-large:20px;--awb-spacing-left-large:0px;--awb-width-medium:50%;--awb-spacing-right-medium:0;--awb-spacing-left-medium:0px;--awb-width-small:100%;--awb-spacing-right-small:0px;--awb-spacing-left-small:0px;\"><div class=\"fusion-column-wrapper fusion-flex-justify-content-flex-start fusion-content-layout-column\"><div class=\"fusion-text fusion-text-7\"><h2 class=\"centrado margen20b\">Works<\/h2>\n<\/div><div class=\"fusion-text fusion-text-8\"><p style=\"text-align: center;\">Discover our portfolio of works.<\/p>\n<\/div><div class=\"fusion-text fusion-text-9\"><p class=\"centrado\"><a class=\"enlaceAd\" href=\"\/works\">SEE WORKS<\/a><\/p>\n<\/div><\/div><\/div><div class=\"fusion-layout-column fusion_builder_column fusion-builder-column-7 fusion_builder_column_1_2 1_2 fusion-flex-column\" style=\"--awb-padding-top:100px;--awb-padding-right:20%;--awb-padding-bottom:100px;--awb-padding-left:20%;--awb-bg-color:#ededed;--awb-bg-color-hover:#ededed;--awb-bg-size:cover;--awb-width-large:50%;--awb-margin-top-large:0px;--awb-spacing-right-large:0px;--awb-margin-bottom-large:20px;--awb-spacing-left-large:0;--awb-width-medium:50%;--awb-spacing-right-medium:0px;--awb-spacing-left-medium:0;--awb-width-small:100%;--awb-spacing-right-small:0px;--awb-spacing-left-small:0px;\"><div class=\"fusion-column-wrapper fusion-flex-justify-content-flex-start fusion-content-layout-column\"><div class=\"fusion-text fusion-text-10\"><h2 class=\"centrado margen20b\">Machinery<\/h2>\n<\/div><div class=\"fusion-text fusion-text-11\"><p class=\"centrado\">We have the best machinery.<\/p>\n<\/div><div class=\"fusion-text fusion-text-12\"><p class=\"centrado\"><a class=\"enlaceAd\" href=\"\/machinery\">MACHINERY<\/a><\/p>\n<\/div><\/div><\/div><\/div><\/div><\/p>\n","protected":false},"excerpt":{"rendered":"","protected":false},"author":2,"featured_media":0,"parent":0,"menu_order":0,"comment_status":"closed","ping_status":"closed","template":"100-width.php","meta":{"_themeisle_gutenberg_block_has_review":false},"yoast_head":"<!-- This site is optimized with the Yoast SEO plugin v20.5 - https:\/\/yoast.com\/wordpress\/plugins\/seo\/ -->\n<title>History - ENTALLADOS MET\u00c1LICOS Teinogal<\/title>\n<meta name=\"robots\" content=\"index, follow, max-snippet:-1, max-image-preview:large, max-video-preview:-1\" \/>\n<link rel=\"canonical\" href=\"https:\/\/www.teinogal.com\/dev\/en\/history\/\" \/>\n<meta property=\"og:locale\" content=\"es_ES\" \/>\n<meta property=\"og:type\" content=\"article\" \/>\n<meta property=\"og:title\" content=\"History - ENTALLADOS MET\u00c1LICOS Teinogal\" \/>\n<meta property=\"og:url\" content=\"https:\/\/www.teinogal.com\/dev\/en\/history\/\" \/>\n<meta property=\"og:site_name\" content=\"ENTALLADOS MET\u00c1LICOS Teinogal\" \/>\n<meta property=\"article:publisher\" content=\"https:\/\/www.facebook.com\/teinogal\/\" \/>\n<meta property=\"article:modified_time\" content=\"2020-07-02T11:30:50+00:00\" \/>\n<meta name=\"twitter:card\" content=\"summary_large_image\" \/>\n<meta name=\"twitter:site\" content=\"@TEINOGAL\" \/>\n<meta name=\"twitter:label1\" content=\"Tiempo de lectura\" \/>\n\t<meta name=\"twitter:data1\" content=\"11 minutos\" \/>\n<script type=\"application\/ld+json\" class=\"yoast-schema-graph\">{\"@context\":\"https:\/\/schema.org\",\"@graph\":[{\"@type\":\"WebPage\",\"@id\":\"https:\/\/www.teinogal.com\/dev\/en\/history\/\",\"url\":\"https:\/\/www.teinogal.com\/dev\/en\/history\/\",\"name\":\"History - ENTALLADOS MET\u00c1LICOS Teinogal\",\"isPartOf\":{\"@id\":\"https:\/\/www.teinogal.com\/dev\/#website\"},\"datePublished\":\"2016-11-01T15:39:26+00:00\",\"dateModified\":\"2020-07-02T11:30:50+00:00\",\"breadcrumb\":{\"@id\":\"https:\/\/www.teinogal.com\/dev\/en\/history\/#breadcrumb\"},\"inLanguage\":\"es\",\"potentialAction\":[{\"@type\":\"ReadAction\",\"target\":[\"https:\/\/www.teinogal.com\/dev\/en\/history\/\"]}]},{\"@type\":\"BreadcrumbList\",\"@id\":\"https:\/\/www.teinogal.com\/dev\/en\/history\/#breadcrumb\",\"itemListElement\":[{\"@type\":\"ListItem\",\"position\":1,\"name\":\"Portada\",\"item\":\"https:\/\/www.teinogal.com\/dev\/\"},{\"@type\":\"ListItem\",\"position\":2,\"name\":\"History\"}]},{\"@type\":\"WebSite\",\"@id\":\"https:\/\/www.teinogal.com\/dev\/#website\",\"url\":\"https:\/\/www.teinogal.com\/dev\/\",\"name\":\"ENTALLADOS MET\u00c1LICOS Teinogal\",\"description\":\"Trabajos de repulsado, entallado met\u00e1lico y embutici\u00f3n\",\"publisher\":{\"@id\":\"https:\/\/www.teinogal.com\/dev\/#organization\"},\"potentialAction\":[{\"@type\":\"SearchAction\",\"target\":{\"@type\":\"EntryPoint\",\"urlTemplate\":\"https:\/\/www.teinogal.com\/dev\/?s={search_term_string}\"},\"query-input\":\"required name=search_term_string\"}],\"inLanguage\":\"es\"},{\"@type\":\"Organization\",\"@id\":\"https:\/\/www.teinogal.com\/dev\/#organization\",\"name\":\"Teinogal S.L.\",\"url\":\"https:\/\/www.teinogal.com\/dev\/\",\"logo\":{\"@type\":\"ImageObject\",\"inLanguage\":\"es\",\"@id\":\"https:\/\/www.teinogal.com\/dev\/#\/schema\/logo\/image\/\",\"url\":\"https:\/\/www.teinogal.com\/dev\/wp-content\/uploads\/2019\/06\/logomovil.jpg\",\"contentUrl\":\"https:\/\/www.teinogal.com\/dev\/wp-content\/uploads\/2019\/06\/logomovil.jpg\",\"width\":202,\"height\":47,\"caption\":\"Teinogal S.L.\"},\"image\":{\"@id\":\"https:\/\/www.teinogal.com\/dev\/#\/schema\/logo\/image\/\"},\"sameAs\":[\"https:\/\/www.facebook.com\/teinogal\/\",\"https:\/\/twitter.com\/TEINOGAL\",\"https:\/\/www.instagram.com\/teinogal\/\"]}]}<\/script>\n<!-- \/ Yoast SEO plugin. -->","yoast_head_json":{"title":"History - ENTALLADOS MET\u00c1LICOS Teinogal","robots":{"index":"index","follow":"follow","max-snippet":"max-snippet:-1","max-image-preview":"max-image-preview:large","max-video-preview":"max-video-preview:-1"},"canonical":"https:\/\/www.teinogal.com\/dev\/en\/history\/","og_locale":"es_ES","og_type":"article","og_title":"History - ENTALLADOS MET\u00c1LICOS Teinogal","og_url":"https:\/\/www.teinogal.com\/dev\/en\/history\/","og_site_name":"ENTALLADOS MET\u00c1LICOS Teinogal","article_publisher":"https:\/\/www.facebook.com\/teinogal\/","article_modified_time":"2020-07-02T11:30:50+00:00","twitter_card":"summary_large_image","twitter_site":"@TEINOGAL","twitter_misc":{"Tiempo de lectura":"11 minutos"},"schema":{"@context":"https:\/\/schema.org","@graph":[{"@type":"WebPage","@id":"https:\/\/www.teinogal.com\/dev\/en\/history\/","url":"https:\/\/www.teinogal.com\/dev\/en\/history\/","name":"History - ENTALLADOS MET\u00c1LICOS Teinogal","isPartOf":{"@id":"https:\/\/www.teinogal.com\/dev\/#website"},"datePublished":"2016-11-01T15:39:26+00:00","dateModified":"2020-07-02T11:30:50+00:00","breadcrumb":{"@id":"https:\/\/www.teinogal.com\/dev\/en\/history\/#breadcrumb"},"inLanguage":"es","potentialAction":[{"@type":"ReadAction","target":["https:\/\/www.teinogal.com\/dev\/en\/history\/"]}]},{"@type":"BreadcrumbList","@id":"https:\/\/www.teinogal.com\/dev\/en\/history\/#breadcrumb","itemListElement":[{"@type":"ListItem","position":1,"name":"Portada","item":"https:\/\/www.teinogal.com\/dev\/"},{"@type":"ListItem","position":2,"name":"History"}]},{"@type":"WebSite","@id":"https:\/\/www.teinogal.com\/dev\/#website","url":"https:\/\/www.teinogal.com\/dev\/","name":"ENTALLADOS MET\u00c1LICOS Teinogal","description":"Trabajos de repulsado, entallado met\u00e1lico y embutici\u00f3n","publisher":{"@id":"https:\/\/www.teinogal.com\/dev\/#organization"},"potentialAction":[{"@type":"SearchAction","target":{"@type":"EntryPoint","urlTemplate":"https:\/\/www.teinogal.com\/dev\/?s={search_term_string}"},"query-input":"required name=search_term_string"}],"inLanguage":"es"},{"@type":"Organization","@id":"https:\/\/www.teinogal.com\/dev\/#organization","name":"Teinogal S.L.","url":"https:\/\/www.teinogal.com\/dev\/","logo":{"@type":"ImageObject","inLanguage":"es","@id":"https:\/\/www.teinogal.com\/dev\/#\/schema\/logo\/image\/","url":"https:\/\/www.teinogal.com\/dev\/wp-content\/uploads\/2019\/06\/logomovil.jpg","contentUrl":"https:\/\/www.teinogal.com\/dev\/wp-content\/uploads\/2019\/06\/logomovil.jpg","width":202,"height":47,"caption":"Teinogal S.L."},"image":{"@id":"https:\/\/www.teinogal.com\/dev\/#\/schema\/logo\/image\/"},"sameAs":["https:\/\/www.facebook.com\/teinogal\/","https:\/\/twitter.com\/TEINOGAL","https:\/\/www.instagram.com\/teinogal\/"]}]}},"_links":{"self":[{"href":"https:\/\/www.teinogal.com\/dev\/wp-json\/wp\/v2\/pages\/9"}],"collection":[{"href":"https:\/\/www.teinogal.com\/dev\/wp-json\/wp\/v2\/pages"}],"about":[{"href":"https:\/\/www.teinogal.com\/dev\/wp-json\/wp\/v2\/types\/page"}],"author":[{"embeddable":true,"href":"https:\/\/www.teinogal.com\/dev\/wp-json\/wp\/v2\/users\/2"}],"replies":[{"embeddable":true,"href":"https:\/\/www.teinogal.com\/dev\/wp-json\/wp\/v2\/comments?post=9"}],"version-history":[{"count":11,"href":"https:\/\/www.teinogal.com\/dev\/wp-json\/wp\/v2\/pages\/9\/revisions"}],"predecessor-version":[{"id":1155,"href":"https:\/\/www.teinogal.com\/dev\/wp-json\/wp\/v2\/pages\/9\/revisions\/1155"}],"wp:attachment":[{"href":"https:\/\/www.teinogal.com\/dev\/wp-json\/wp\/v2\/media?parent=9"}],"curies":[{"name":"wp","href":"https:\/\/api.w.org\/{rel}","templated":true}]}}